{"id":2352,"date":"2025-01-27T10:33:00","date_gmt":"2025-01-31T18:02:36","guid":{"rendered":"https:\/\/est-land.ee\/kinnistu\/grosse-waldflaeche-in-hiiumaa\/"},"modified":"2025-01-31T20:02:36","modified_gmt":"2025-01-31T18:02:36","slug":"grosse-waldflaeche-in-hiiumaa","status":"publish","type":"product","link":"https:\/\/est-land.ee\/de\/kinnistu\/grosse-waldflaeche-in-hiiumaa\/","title":{"rendered":"Gro\u00dfe Waldfl\u00e4che in Hiiumaa"},"content":{"rendered":"<p>Das Land liegt im Naturschutzgebiet Pihla-Kaibaldi, wo Schirmschlag in F\u00e4llgebieten von bis zu 5 Hektar mit einem 5-Jahresabstand zwischen F\u00e4llarbeiten erlaubt ist. Ein ideales Grundst\u00fcck f\u00fcr J\u00e4ger! Jagen ist in dem Naturschutzgebiet erlaubt.  <\/p>\n<p><iframe loading=\"lazy\" src=\"https:\/\/xgis.maaamet.ee\/xgis2\/page\/link\/QT1mrS-0?plugin=true\" width=\"1200\" height=\"500\"><\/iframe><\/p>\n","protected":false},"excerpt":{"rendered":"<p>Grundst\u00fccksname: LEEMENDI<\/p>\n","protected":false},"featured_media":1896,"template":"","meta":[],"product_brand":[],"product_cat":[151],"product_tag":[],"class_list":{"0":"post-2352","1":"product","2":"type-product","3":"status-publish","4":"has-post-thumbnail","6":"product_cat-waldgebiet","7":"sales-flash-overlay","8":"woocommerce-text-align-center","9":"woocommerce-image-align-center","10":"wc-has-gallery","12":"first","13":"instock","14":"shipping-taxable","15":"purchasable","16":"product-type-real-estate"},"_links":{"self":[{"href":"https:\/\/est-land.ee\/de\/wp-json\/wp\/v2\/product\/2352","targetHints":{"allow":["GET"]}}],"collection":[{"href":"https:\/\/est-land.ee\/de\/wp-json\/wp\/v2\/product"}],"about":[{"href":"https:\/\/est-land.ee\/de\/wp-json\/wp\/v2\/types\/product"}],"wp:featuredmedia":[{"embeddable":true,"href":"https:\/\/est-land.ee\/de\/wp-json\/wp\/v2\/media\/1896"}],"wp:attachment":[{"href":"https:\/\/est-land.ee\/de\/wp-json\/wp\/v2\/media?parent=2352"}],"wp:term":[{"taxonomy":"product_brand","embeddable":true,"href":"https:\/\/est-land.ee\/de\/wp-json\/wp\/v2\/product_brand?post=2352"},{"taxonomy":"product_cat","embeddable":true,"href":"https:\/\/est-land.ee\/de\/wp-json\/wp\/v2\/product_cat?post=2352"},{"taxonomy":"product_tag","embeddable":true,"href":"https:\/\/est-land.ee\/de\/wp-json\/wp\/v2\/product_tag?post=2352"}],"curies":[{"name":"wp","href":"https:\/\/api.w.org\/{rel}","templated":true}]}}