{"id":2383,"date":"2025-01-27T12:06:04","date_gmt":"2025-02-01T09:32:19","guid":{"rendered":"https:\/\/est-land.ee\/kinnistu\/eine-halbinsel-am-ufer-des-flusses-paernu-bebauung-erlaubt-bebauung-erlaubt\/"},"modified":"2025-02-01T11:32:19","modified_gmt":"2025-02-01T09:32:19","slug":"eine-halbinsel-am-ufer-des-flusses-paernu-bebauung-erlaubt-bebauung-erlaubt","status":"publish","type":"product","link":"https:\/\/est-land.ee\/de\/kinnistu\/eine-halbinsel-am-ufer-des-flusses-paernu-bebauung-erlaubt-bebauung-erlaubt\/","title":{"rendered":"Eine Halbinsel am Ufer des Flusses P\u00e4rnu. Bebauung erlaubt! Bebauung erlaubt!"},"content":{"rendered":"<p>Immobilien am P\u00e4rnu-Fluss P\u00fcsirohumaa. Kaufen Sie Ihre eigene private Halbinsel in Zentralestland am Ufer des Flusses P\u00e4rnu.<\/p>\n<p><iframe loading=\"lazy\" src=\"https:\/\/xgis.maaamet.ee\/xgis2\/page\/link\/K-7uZ1Di?plugin=true\" width=\"1200\" height=\"500\"><\/iframe><\/p>\n","protected":false},"excerpt":{"rendered":"<p>Grundst\u00fccksname: POOLSAARE<\/p>\n","protected":false},"featured_media":2024,"template":"","meta":[],"product_brand":[],"product_cat":[155,147],"product_tag":[],"class_list":{"0":"post-2383","1":"product","2":"type-product","3":"status-publish","4":"has-post-thumbnail","6":"product_cat-ackerland","7":"product_cat-parzelle-mit-baurecht","8":"sales-flash-overlay","9":"woocommerce-text-align-center","10":"woocommerce-image-align-center","12":"first","13":"instock","14":"shipping-taxable","15":"purchasable","16":"product-type-real-estate"},"_links":{"self":[{"href":"https:\/\/est-land.ee\/de\/wp-json\/wp\/v2\/product\/2383","targetHints":{"allow":["GET"]}}],"collection":[{"href":"https:\/\/est-land.ee\/de\/wp-json\/wp\/v2\/product"}],"about":[{"href":"https:\/\/est-land.ee\/de\/wp-json\/wp\/v2\/types\/product"}],"wp:featuredmedia":[{"embeddable":true,"href":"https:\/\/est-land.ee\/de\/wp-json\/wp\/v2\/media\/2024"}],"wp:attachment":[{"href":"https:\/\/est-land.ee\/de\/wp-json\/wp\/v2\/media?parent=2383"}],"wp:term":[{"taxonomy":"product_brand","embeddable":true,"href":"https:\/\/est-land.ee\/de\/wp-json\/wp\/v2\/product_brand?post=2383"},{"taxonomy":"product_cat","embeddable":true,"href":"https:\/\/est-land.ee\/de\/wp-json\/wp\/v2\/product_cat?post=2383"},{"taxonomy":"product_tag","embeddable":true,"href":"https:\/\/est-land.ee\/de\/wp-json\/wp\/v2\/product_tag?post=2383"}],"curies":[{"name":"wp","href":"https:\/\/api.w.org\/{rel}","templated":true}]}}