{"id":2401,"date":"2025-01-27T12:35:38","date_gmt":"2025-01-27T10:35:38","guid":{"rendered":"https:\/\/est-land.ee\/kinnistu\/wohngrundstueck-mit-der-moeglichkeit-eines-solarparks\/"},"modified":"2025-01-27T12:35:38","modified_gmt":"2025-01-27T10:35:38","slug":"wohngrundstueck-mit-der-moeglichkeit-eines-solarparks","status":"publish","type":"product","link":"https:\/\/est-land.ee\/de\/kinnistu\/wohngrundstueck-mit-der-moeglichkeit-eines-solarparks\/","title":{"rendered":"Wohngrundst\u00fcck mit der M\u00f6glichkeit eines Solarparks"},"content":{"rendered":"<p>Wohnbaugrundst\u00fcck in der Gemeinde J\u00f5el\u00e4htme mit der M\u00f6glichkeit, einen Solarpark zu bauen. Wohnbaugrundst\u00fcck mit Projektbedingungen und 30kw-Anschluss.<br \/>\nZum Preis kommt die Mehrwertsteuer hinzu. Zwei benachbarte Katasterparzellen werden zusammen verkauft &#8211; 24501:001:2275 Eespere und 24501:001:2276 Ees-S\u00f6\u00f6di. <\/p>\n<p><iframe loading=\"lazy\" src=\"https:\/\/xgis.maaamet.ee\/xgis2\/page\/link\/7rDcOHi?plugin=true\" width=\"580\" height=\"500\"><\/iframe><iframe loading=\"lazy\" src=\"https:\/\/xgis.maaamet.ee\/xgis2\/page\/link\/PI-LbX0N?plugin=true\" width=\"580\" height=\"500\"><\/iframe><\/p>\n","protected":false},"excerpt":{"rendered":"<p>Grundst\u00fccksname: EES-S\u00d6\u00d6DI ja EESPERE<\/p>\n","protected":false},"featured_media":2124,"template":"","meta":[],"product_brand":[],"product_cat":[139],"product_tag":[],"class_list":{"0":"post-2401","1":"product","2":"type-product","3":"status-publish","4":"has-post-thumbnail","6":"product_cat-wohnbauland","7":"sales-flash-overlay","8":"woocommerce-text-align-center","9":"woocommerce-image-align-center","11":"first","12":"instock","13":"shipping-taxable","14":"purchasable","15":"product-type-real-estate"},"_links":{"self":[{"href":"https:\/\/est-land.ee\/de\/wp-json\/wp\/v2\/product\/2401","targetHints":{"allow":["GET"]}}],"collection":[{"href":"https:\/\/est-land.ee\/de\/wp-json\/wp\/v2\/product"}],"about":[{"href":"https:\/\/est-land.ee\/de\/wp-json\/wp\/v2\/types\/product"}],"wp:featuredmedia":[{"embeddable":true,"href":"https:\/\/est-land.ee\/de\/wp-json\/wp\/v2\/media\/2124"}],"wp:attachment":[{"href":"https:\/\/est-land.ee\/de\/wp-json\/wp\/v2\/media?parent=2401"}],"wp:term":[{"taxonomy":"product_brand","embeddable":true,"href":"https:\/\/est-land.ee\/de\/wp-json\/wp\/v2\/product_brand?post=2401"},{"taxonomy":"product_cat","embeddable":true,"href":"https:\/\/est-land.ee\/de\/wp-json\/wp\/v2\/product_cat?post=2401"},{"taxonomy":"product_tag","embeddable":true,"href":"https:\/\/est-land.ee\/de\/wp-json\/wp\/v2\/product_tag?post=2401"}],"curies":[{"name":"wp","href":"https:\/\/api.w.org\/{rel}","templated":true}]}}