{"id":3168,"date":"2025-07-30T12:51:03","date_gmt":"2025-05-15T09:51:03","guid":{"rendered":"https:\/\/est-land.ee\/?post_type=product&#038;p=3168"},"modified":"2026-04-24T14:34:53","modified_gmt":"2026-04-24T11:34:53","slug":"grundstuck-auf-saaremaa-kiefernwald-bebauungsmoglichkeit","status":"publish","type":"product","link":"https:\/\/est-land.ee\/de\/kinnistu\/grundstuck-auf-saaremaa-kiefernwald-bebauungsmoglichkeit\/","title":{"rendered":"Grundst\u00fcck auf Saaremaa mit guter Anbindung"},"content":{"rendered":"<p><strong>Grundst\u00fcck auf Saaremaa \u2013 Kiefernwald, Bebauungsm\u00f6glichkeit<\/strong><\/p>\n<p>Privates Grundst\u00fcck auf Saaremaa zu verkaufen \u2013 Kiefernwald, Meer unter 1 km, Bebauungsm\u00f6glichkeit<\/p>\n<p>Suchen Sie einen Ort, an dem sich Natur, Privatsph\u00e4re und langfristiger Wert verbinden?<br \/>\nAuf Saaremaa steht ein 5,54 ha gro\u00dfes Grundst\u00fcck zum Verkauf, das sowohl eine Wohn- als auch eine Investitionsm\u00f6glichkeit bietet.<\/p>\n<p>Es handelt sich um ein hervorragendes Grundst\u00fcck in einer natursch\u00f6nen und ruhigen Lage:<br \/>\n* Sch\u00f6ner Kiefernwald \u2013 nat\u00fcrliche Umgebung<br \/>\n* Holzvorrat von 556 m\u00b3 \u2013 realer Wert (laut Forstwirtschaftsplan 2025)<br \/>\n* Bebauungsm\u00f6glichkeit \u2013 laut Information der Gemeinde Saaremaa m\u00f6glich<br \/>\n* Meer weniger als 1 km entfernt \u2013 ideal f\u00fcr ein Ferienhaus oder dauerhaftes Wohnen<br \/>\n* Direkt an einer Asphaltstra\u00dfe \u2013 bequemer Zugang das ganze Jahr \u00fcber<br \/>\n* Eigene Zufahrt zum Grundst\u00fcck vorhanden<br \/>\n* Umspannwerk nur 400 m entfernt<\/p>\n<p>Das Grundst\u00fcck eignet sich ideal f\u00fcr:<br \/>\n* den Bau eines Wohnhauses oder Ferienhauses<br \/>\n* einen privaten R\u00fcckzugsort inmitten der Natur<br \/>\n* Forstwirtschaft und langfristige Investition<\/p>\n<p>Dies ist ein Ort, an dem Sie die Ruhe, Stille und Natur von Saaremaa genie\u00dfen k\u00f6nnen \u2013 ohne auf gute Erreichbarkeit und Bebauungsm\u00f6glichkeiten verzichten zu m\u00fcssen.<\/p>\n<p>Wenn Sie Privatsph\u00e4re, Natur und die M\u00f6glichkeit sch\u00e4tzen, etwas Eigenes zu schaffen, ist dieses Grundst\u00fcck definitiv einen Besuch wert.<\/p>\n<p>Kontaktieren Sie uns f\u00fcr weitere Informationen oder zur Vereinbarung eines Besichtigungstermins!<\/p>\n<p><iframe loading=\"lazy\" src=\"https:\/\/xgis.maaamet.ee\/xgis2\/page\/link\/C9XmSb8i?plugin=true\" width=\"1200\" height=\"500\"><\/iframe><\/p>\n","protected":false},"excerpt":{"rendered":"<p>Grundst\u00fccksname: <strong>KARJA<\/strong><\/p>\n","protected":false},"featured_media":3160,"template":"","meta":[],"product_brand":[],"product_cat":[151],"product_tag":[],"class_list":{"0":"post-3168","1":"product","2":"type-product","3":"status-publish","4":"has-post-thumbnail","6":"product_cat-waldgebiet","7":"sales-flash-overlay","8":"woocommerce-text-align-center","9":"woocommerce-image-align-center","11":"first","12":"instock","13":"shipping-taxable","14":"purchasable","15":"product-type-real-estate"},"_links":{"self":[{"href":"https:\/\/est-land.ee\/de\/wp-json\/wp\/v2\/product\/3168","targetHints":{"allow":["GET"]}}],"collection":[{"href":"https:\/\/est-land.ee\/de\/wp-json\/wp\/v2\/product"}],"about":[{"href":"https:\/\/est-land.ee\/de\/wp-json\/wp\/v2\/types\/product"}],"wp:featuredmedia":[{"embeddable":true,"href":"https:\/\/est-land.ee\/de\/wp-json\/wp\/v2\/media\/3160"}],"wp:attachment":[{"href":"https:\/\/est-land.ee\/de\/wp-json\/wp\/v2\/media?parent=3168"}],"wp:term":[{"taxonomy":"product_brand","embeddable":true,"href":"https:\/\/est-land.ee\/de\/wp-json\/wp\/v2\/product_brand?post=3168"},{"taxonomy":"product_cat","embeddable":true,"href":"https:\/\/est-land.ee\/de\/wp-json\/wp\/v2\/product_cat?post=3168"},{"taxonomy":"product_tag","embeddable":true,"href":"https:\/\/est-land.ee\/de\/wp-json\/wp\/v2\/product_tag?post=3168"}],"curies":[{"name":"wp","href":"https:\/\/api.w.org\/{rel}","templated":true}]}}