{"id":3217,"date":"2025-06-30T13:53:48","date_gmt":"2025-10-28T12:45:17","guid":{"rendered":"https:\/\/est-land.ee\/kinnistu\/grundstueck-mit-guter-zufahrt-in-paernumaa\/"},"modified":"2025-10-28T14:46:26","modified_gmt":"2025-10-28T12:46:26","slug":"grundstueck-mit-guter-zufahrt-in-paernumaa","status":"publish","type":"product","link":"https:\/\/est-land.ee\/de\/kinnistu\/grundstueck-mit-guter-zufahrt-in-paernumaa\/","title":{"rendered":"Grundst\u00fcck mit guter Zufahrt in P\u00e4rnumaa"},"content":{"rendered":"<p><strong>Grundst\u00fcck in P\u00e4rnumaa zu verkaufen<\/strong><\/p>\n<p>Das Grundst\u00fcck umfasst 3,28 ha Ackerland. Auf einer Waldfl\u00e4che von 0,65 ha wurde ein Kahlschlag durchgef\u00fchrt. <\/p>\n<p><iframe loading=\"lazy\" height=\"500\" width=\"1200\" src=\"https:\/\/xgis.maaamet.ee\/xgis2\/page\/link\/beAOXR4s\"><\/iframe><\/p>\n","protected":false},"excerpt":{"rendered":"<p>Grundst\u00fccksname: <strong>KAASIKU<\/strong><\/p>\n","protected":false},"featured_media":3201,"template":"","meta":[],"product_brand":[],"product_cat":[155],"product_tag":[],"class_list":{"0":"post-3217","1":"product","2":"type-product","3":"status-publish","4":"has-post-thumbnail","6":"product_cat-ackerland","7":"sales-flash-overlay","8":"woocommerce-text-align-center","9":"woocommerce-image-align-center","11":"first","12":"instock","13":"shipping-taxable","14":"purchasable","15":"product-type-real-estate"},"_links":{"self":[{"href":"https:\/\/est-land.ee\/de\/wp-json\/wp\/v2\/product\/3217","targetHints":{"allow":["GET"]}}],"collection":[{"href":"https:\/\/est-land.ee\/de\/wp-json\/wp\/v2\/product"}],"about":[{"href":"https:\/\/est-land.ee\/de\/wp-json\/wp\/v2\/types\/product"}],"wp:featuredmedia":[{"embeddable":true,"href":"https:\/\/est-land.ee\/de\/wp-json\/wp\/v2\/media\/3201"}],"wp:attachment":[{"href":"https:\/\/est-land.ee\/de\/wp-json\/wp\/v2\/media?parent=3217"}],"wp:term":[{"taxonomy":"product_brand","embeddable":true,"href":"https:\/\/est-land.ee\/de\/wp-json\/wp\/v2\/product_brand?post=3217"},{"taxonomy":"product_cat","embeddable":true,"href":"https:\/\/est-land.ee\/de\/wp-json\/wp\/v2\/product_cat?post=3217"},{"taxonomy":"product_tag","embeddable":true,"href":"https:\/\/est-land.ee\/de\/wp-json\/wp\/v2\/product_tag?post=3217"}],"curies":[{"name":"wp","href":"https:\/\/api.w.org\/{rel}","templated":true}]}}