{"id":3283,"date":"2026-04-22T16:27:54","date_gmt":"2026-04-23T11:03:33","guid":{"rendered":"https:\/\/est-land.ee\/kinnistu\/harjumaa-9-ha-privatsphaere-30-km-von-tallinn-entfernt\/"},"modified":"2026-04-23T14:03:33","modified_gmt":"2026-04-23T11:03:33","slug":"harjumaa-9-ha-privatsphaere-30-km-von-tallinn-entfernt","status":"publish","type":"product","link":"https:\/\/est-land.ee\/de\/kinnistu\/harjumaa-9-ha-privatsphaere-30-km-von-tallinn-entfernt\/","title":{"rendered":"Harjumaa 9 ha \u2013 Privatsph\u00e4re, 30 km von Tallinn entfernt"},"content":{"rendered":"<p><strong>Privates Grundst\u00fcck im Harjumaa zu verkaufen<\/strong><\/p>\n<p>Suchen Sie mehr als ein gew\u00f6hnliches Grundst\u00fcck \u2013 einen Ort mit echtem Raum, Ruhe und Natur?<\/p>\n<p>Der gr\u00f6\u00dfte Wert dieses Grundst\u00fccks \u2013 vollst\u00e4ndige Privatsph\u00e4re<br \/>\n* Keine Nachbarn, die st\u00f6ren \u2013 und Sie st\u00f6ren niemanden<br \/>\n* Ruhe, Natur und ungest\u00f6rtes Alleinsein<\/p>\n<p>Das Grundst\u00fcck eignet sich hervorragend f\u00fcr:<br \/>\n* Forstwirtschaft und Landwirtschaft<br \/>\n* Naturgenuss und als R\u00fcckzugsort<br \/>\n* Langfristige Investition<\/p>\n<p>F\u00fcr wen ist dieses Angebot geeignet?<br \/>\n* F\u00fcr Menschen, die etwas Besonderes und Privates suchen<br \/>\n* F\u00fcr Investoren, die Potenzial sehen, nicht nur den aktuellen Zustand<br \/>\n* F\u00fcr K\u00e4ufer, die bereit sind, mit einem kleinen zus\u00e4tzlichen Schritt Mehrwert zu schaffen<\/p>\n<p>Das Grundst\u00fcck verf\u00fcgt derzeit \u00fcber keine offizielle Zufahrt. Die n\u00e4chstgelegene Stra\u00dfe befindet sich ca. 170 m entfernt, und die Schaffung einer Zufahrt erfordert Vereinbarungen mit den Eigent\u00fcmern der Nachbargrundst\u00fccke. <\/p>\n<p>* F\u00fcr das Grundst\u00fcck wurde im Jahr 2026 ein Forstwirtschaftsplan erstellt<br \/>\n* Es handelt sich \u00fcberwiegend um ertragsreichen Waldboden<br \/>\n* Der Bestand besteht aus mittelaltem Wald und Stangenholz<br \/>\n* Gesamtvorrat: 553 m\u00b3, davon:<br \/>\n&#8211; Fichte 313 m\u00b3<br \/>\n&#8211; Birke 204 m\u00b3<br \/>\n&#8211; Espe 31 m\u00b3<br \/>\n&#8211; Kiefer 5 m\u00b3<br \/>\n*Empfohlene Einschlagsmenge: ca. 60 m\u00b3<\/p>\n<p>Die landwirtschaftliche Fl\u00e4che wurde kontinuierlich genutzt.<\/p>\n<p>Wenn Sie ein gew\u00f6hnliches Grundst\u00fcck suchen \u2013 ist dies nicht das Richtige.<br \/>\nWenn Sie eine M\u00f6glichkeit suchen \u2013 sollten Sie sich dieses Angebot unbedingt n\u00e4her ansehen!<\/p>\n<p><iframe loading=\"lazy\" src=\"https:\/\/xgis.maaamet.ee\/xgis2\/page\/link\/BZQOjJr?plugin=true\" width=\"1200\" height=\"500\"><\/iframe><\/p>\n","protected":false},"excerpt":{"rendered":"<p>Grundst\u00fccksname: <strong>VISTERM\u00c4E<\/strong><\/p>\n","protected":false},"featured_media":3252,"template":"","meta":[],"product_brand":[],"product_cat":[155,151],"product_tag":[],"class_list":{"0":"post-3283","1":"product","2":"type-product","3":"status-publish","4":"has-post-thumbnail","6":"product_cat-ackerland","7":"product_cat-waldgebiet","8":"sales-flash-overlay","9":"woocommerce-text-align-center","10":"woocommerce-image-align-center","12":"first","13":"instock","14":"shipping-taxable","15":"purchasable","16":"product-type-real-estate"},"_links":{"self":[{"href":"https:\/\/est-land.ee\/de\/wp-json\/wp\/v2\/product\/3283","targetHints":{"allow":["GET"]}}],"collection":[{"href":"https:\/\/est-land.ee\/de\/wp-json\/wp\/v2\/product"}],"about":[{"href":"https:\/\/est-land.ee\/de\/wp-json\/wp\/v2\/types\/product"}],"wp:featuredmedia":[{"embeddable":true,"href":"https:\/\/est-land.ee\/de\/wp-json\/wp\/v2\/media\/3252"}],"wp:attachment":[{"href":"https:\/\/est-land.ee\/de\/wp-json\/wp\/v2\/media?parent=3283"}],"wp:term":[{"taxonomy":"product_brand","embeddable":true,"href":"https:\/\/est-land.ee\/de\/wp-json\/wp\/v2\/product_brand?post=3283"},{"taxonomy":"product_cat","embeddable":true,"href":"https:\/\/est-land.ee\/de\/wp-json\/wp\/v2\/product_cat?post=3283"},{"taxonomy":"product_tag","embeddable":true,"href":"https:\/\/est-land.ee\/de\/wp-json\/wp\/v2\/product_tag?post=3283"}],"curies":[{"name":"wp","href":"https:\/\/api.w.org\/{rel}","templated":true}]}}