{"id":3415,"date":"2026-04-27T13:35:02","date_gmt":"2026-04-27T11:46:15","guid":{"rendered":"https:\/\/est-land.ee\/kinnistu\/eigene-kuestenlinie-baurecht-zufahrt-meerblick\/"},"modified":"2026-04-27T14:46:15","modified_gmt":"2026-04-27T11:46:15","slug":"eigene-kuestenlinie-baurecht-zufahrt-meerblick","status":"publish","type":"product","link":"https:\/\/est-land.ee\/de\/kinnistu\/eigene-kuestenlinie-baurecht-zufahrt-meerblick\/","title":{"rendered":"Eigene K\u00fcstenlinie! Baurecht! Zufahrt! Meerblick!"},"content":{"rendered":"<p>Sehr exklusives Grundst\u00fcck mit Baugenehmigung auf Saaremaa im Zentrum der Halbinsel K\u00fcbassaare \u2013 traumhafte Meerblicke!<\/p>\n<p>GRUNDST\u00dcCK<br \/>\nFast 7,5 Hektar gro\u00dfes Grundst\u00fcck mit den Ruinen eines alten Bauernhofs in der N\u00e4he der Zufahrtsstra\u00dfe.<br \/>\nDas Grundst\u00fcck verf\u00fcgt \u00fcber etwa 100 m eigene K\u00fcstenlinie.<br \/>Die Fl\u00e4che besteht \u00fcberwiegend aus Wiesenland, rund um die Baufl\u00e4che befinden sich jedoch hoher Baumbestand sowie f\u00fcr Saaremaa typische Wacholder.<br \/>Die Baufl\u00e4che liegt ca. 2,5 m \u00fcber dem Meeresspiegel.<br \/>\nVon der Baufl\u00e4che bis zum Meer sind es \u00fcber das eigene Grundst\u00fcck etwa 570 m, in Richtung der Bucht N\u00f5udla etwa 140 m.  <\/p>\n<p>DETAILPLANUNG<br \/>\nDer Detailplan Kopli wurde am 31. August 2023 genehmigt.<br \/>Ziel des Plans:<br \/>Festlegung der Bebaubarkeit f\u00fcr ein Wohnhaus und ein Nebengeb\u00e4ude<br \/>\nReduzierung der Bauverbotszone an der K\u00fcste<br \/>\nIm Rahmen der Planung:<br \/>wird das Grundst\u00fcck in zwei landwirtschaftliche Parzellen aufgeteilt, von denen eine Baurecht erh\u00e4lt<br \/>\nf\u00fcr das geplante Grundst\u00fcck Uue-Kopli (Pos. 1) wird eine Baufl\u00e4che festgelegt<br \/>\ndie Lage der Baufl\u00e4che orientiert sich an den historischen Hofruinen und Fundamenten<br \/>\nDie Errichtung von Geb\u00e4uden ist ausschlie\u00dflich innerhalb der ausgewiesenen Baufl\u00e4che zul\u00e4ssig.<br \/>\nDie \u00fcbrige Fl\u00e4che kann f\u00fcr technische Infrastruktur und Zufahrtswege genutzt werden.<br \/>Das Nebengeb\u00e4ude ist auf den bestehenden historischen Fundamenten zu errichten.<br \/>Bauparameter:<br \/>Maximale Anzahl der Geb\u00e4ude: 2<br \/>Maximale bebaubare Fl\u00e4che: 100 m\u00b2<br \/>Maximale H\u00f6he:Wohnhaus: 8 m (2 Geschosse)<br \/>Nebengeb\u00e4ude: 6 m (1 Geschoss)    <\/p>\n<p>ERSCHLIESSUNG<br \/>\nWasser \u2013 \u00fcber Bohrbrunnen<br \/>\nAbwasser \u2013 biologische Kl\u00e4ranlage oder geschlossener Tank<br \/>\nStrom \u2013 Freileitung verl\u00e4uft \u00fcber das Grundst\u00fcck, Anschluss nach tats\u00e4chlichen Kosten<br \/>\nKommunikation \u2013 drahtlos<\/p>\n<p>ZUGANG<br \/>\nDas Grundst\u00fcck grenzt an eine \u00f6ffentlich genutzte Stra\u00dfe.<\/p>\n<p>LAGE<br \/>\nDas Grundst\u00fcck ist direkt zur Rigaer Bucht ausgerichtet.<br \/>Entfernungen:<br \/>Tornim\u00e4e \u2013 14,3 km (Coop, Caf\u00e9 Meierei, Kindergarten, Schule)<br \/>\nOrissaare \u2013 22 km<br \/>Muhu (Liiva) \u2013 30 km<br \/>Hafen Kuivastu \u2013 40 km<br \/>Kuressaare \u2013 70 km    <\/p>\n<p>Die auf Drohnenfotos dargestellten Grundst\u00fccksgrenzen sind informativ.<\/p>\n<p>Rufen Sie an und entdecken Sie dieses au\u00dfergew\u00f6hnliche Angebot \u2013 ein Grundst\u00fcck mit Baurecht auf Saaremaa!<\/p>\n<p><iframe loading=\"lazy\" src=\"https:\/\/xgis.maaamet.ee\/xgis2\/page\/link\/fiQnwUJG\" width=\"1200\" height=\"500\"><\/iframe><\/p>\n","protected":false},"excerpt":{"rendered":"<p>Grundst\u00fccksname: <strong>KOPLI<\/strong><\/p>\n","protected":false},"featured_media":3288,"template":"","meta":[],"product_brand":[],"product_cat":[155,139],"product_tag":[],"class_list":{"0":"post-3415","1":"product","2":"type-product","3":"status-publish","4":"has-post-thumbnail","6":"product_cat-ackerland","7":"product_cat-wohnbauland","8":"sales-flash-overlay","9":"woocommerce-text-align-center","10":"woocommerce-image-align-center","12":"first","13":"instock","14":"shipping-taxable","15":"purchasable","16":"product-type-real-estate"},"_links":{"self":[{"href":"https:\/\/est-land.ee\/de\/wp-json\/wp\/v2\/product\/3415","targetHints":{"allow":["GET"]}}],"collection":[{"href":"https:\/\/est-land.ee\/de\/wp-json\/wp\/v2\/product"}],"about":[{"href":"https:\/\/est-land.ee\/de\/wp-json\/wp\/v2\/types\/product"}],"wp:featuredmedia":[{"embeddable":true,"href":"https:\/\/est-land.ee\/de\/wp-json\/wp\/v2\/media\/3288"}],"wp:attachment":[{"href":"https:\/\/est-land.ee\/de\/wp-json\/wp\/v2\/media?parent=3415"}],"wp:term":[{"taxonomy":"product_brand","embeddable":true,"href":"https:\/\/est-land.ee\/de\/wp-json\/wp\/v2\/product_brand?post=3415"},{"taxonomy":"product_cat","embeddable":true,"href":"https:\/\/est-land.ee\/de\/wp-json\/wp\/v2\/product_cat?post=3415"},{"taxonomy":"product_tag","embeddable":true,"href":"https:\/\/est-land.ee\/de\/wp-json\/wp\/v2\/product_tag?post=3415"}],"curies":[{"name":"wp","href":"https:\/\/api.w.org\/{rel}","templated":true}]}}