{"id":3440,"date":"2026-04-30T15:31:31","date_gmt":"2026-05-04T12:01:45","guid":{"rendered":"https:\/\/est-land.ee\/kinnistu\/grundstueck-in-der-naehe-von-tapa-ackerland-und-baupotenzial\/"},"modified":"2026-05-04T15:01:45","modified_gmt":"2026-05-04T12:01:45","slug":"grundstueck-in-der-naehe-von-tapa-ackerland-und-baupotenzial","status":"publish","type":"product","link":"https:\/\/est-land.ee\/de\/kinnistu\/grundstueck-in-der-naehe-von-tapa-ackerland-und-baupotenzial\/","title":{"rendered":"Grundst\u00fcck in der N\u00e4he von Tapa \u2013 Ackerland und Baupotenzial"},"content":{"rendered":"<p>Zum Verkauf steht ein vielseitig nutzbares Grundst\u00fcck in L\u00e4\u00e4ne-Virumaa, Gemeinde Tapa, in unmittelbarer N\u00e4he der Ortschaft Lehtse. Es handelt sich um eine 15,7 Hektar gro\u00dfe landwirtschaftliche Fl\u00e4che, von der etwa 15 Hektar Ackerland sind. <\/p>\n<p>Dieses Grundst\u00fcck in der N\u00e4he von Tapa eignet sich ideal f\u00fcr:<br \/>\n\u2714 Landwirtschaftliche Nutzung<br \/>\n\u2714 Den Bau eines Wohnhauses oder eines Landhauses (Bedingungen bei der \u00f6rtlichen Gemeinde zu kl\u00e4ren)<br \/>\n\u2714 Die Aufteilung in kleinere Grundst\u00fccke<br \/>\n\u2714 Eine Investition in hochwertiges Ackerland<\/p>\n<p>Sehr gute Lage und Anbindung<br \/>\n\u2714 Weniger als eine Stunde Fahrtzeit von der Stadtgrenze von Tallinn<br \/>\n\u2714 Die Stadt Tapa nur 10 Minuten entfernt<br \/>\n\u2714 In unmittelbarer N\u00e4he der Ortschaft Lehtse \u2013 Lebensmittelgesch\u00e4ft vorhanden<br \/>\n\u2714 Weniger als 1 km vom Bahnhof Lehtse entfernt<br \/>Die Lage bietet eine gute Balance \u2013 nahe genug an den St\u00e4dten und gleichzeitig ruhig und naturnah.<\/p>\n<p>Zufahrt und Nutzungspotenzial<br \/>\n\u2714 Direkte Zufahrt von der Asphaltstra\u00dfe (Tapa\u2013Lehtse\u2013J\u00e4neda-Stra\u00dfe)<br \/>\n\u2714 Eine Schotterstra\u00dfe verl\u00e4uft \u00fcber das Grundst\u00fcck und erm\u00f6glicht bei Bedarf die Aufteilung in kleinere Parzellen mit Zugang<br \/>\n\u2714 Umspannwerk weniger als 400 m entfernt \u2013 Stromanschluss zu festen Kosten m\u00f6glich<br \/>Das Grundst\u00fcck eignet sich auch gut f\u00fcr diejenigen, die ein gr\u00f6\u00dferes Areal suchen, das k\u00fcnftig in kleinere Teile aufgeteilt werden kann.<\/p>\n<p>Hochwertiges und genutztes Ackerland<br \/>\n\u2714 Ca. 15 ha bewirtschaftbare Fl\u00e4che<br \/>\n\u2714 Durchschnittliche Bonit\u00e4t ca. 60 \u2013 sehr gutes Ackerland im estnischen Vergleich<br \/>\n\u2714 Das Land wurde kontinuierlich genutzt<br \/>\n\u2714 Nicht an einen langfristigen Pachtvertrag gebunden \u2013 sofort nutzbar<\/p>\n<p>Warum ist dieses Grundst\u00fcck eine gute Wahl?<br \/>\nGro\u00dfe Grundst\u00fccke in solcher Lage, die Folgendes bieten:<br \/>\n\u2714 gute Zufahrt von der Asphaltstra\u00dfe<br \/>\n\u2714 N\u00e4he zum Bahnhof<br \/>\n\u2714 Baupotenzial<br \/>\n\u2714 M\u00f6glichkeit eines Stromanschlusses<br \/>\n\u2714 hochwertiges Ackerland<br \/>\n\u2714 Teilungsm\u00f6glichkeit<br \/>\u2026 sind selten auf dem Markt verf\u00fcgbar.<\/p>\n","protected":false},"excerpt":{"rendered":"<p>Grundst\u00fccksname: <strong>NILGU<\/strong><\/p>\n","protected":false},"featured_media":3422,"template":"","meta":[],"product_brand":[],"product_cat":[155],"product_tag":[],"class_list":{"0":"post-3440","1":"product","2":"type-product","3":"status-publish","4":"has-post-thumbnail","6":"product_cat-ackerland","7":"sales-flash-overlay","8":"woocommerce-text-align-center","9":"woocommerce-image-align-center","11":"first","12":"instock","13":"shipping-taxable","14":"purchasable","15":"product-type-real-estate"},"_links":{"self":[{"href":"https:\/\/est-land.ee\/de\/wp-json\/wp\/v2\/product\/3440","targetHints":{"allow":["GET"]}}],"collection":[{"href":"https:\/\/est-land.ee\/de\/wp-json\/wp\/v2\/product"}],"about":[{"href":"https:\/\/est-land.ee\/de\/wp-json\/wp\/v2\/types\/product"}],"wp:featuredmedia":[{"embeddable":true,"href":"https:\/\/est-land.ee\/de\/wp-json\/wp\/v2\/media\/3422"}],"wp:attachment":[{"href":"https:\/\/est-land.ee\/de\/wp-json\/wp\/v2\/media?parent=3440"}],"wp:term":[{"taxonomy":"product_brand","embeddable":true,"href":"https:\/\/est-land.ee\/de\/wp-json\/wp\/v2\/product_brand?post=3440"},{"taxonomy":"product_cat","embeddable":true,"href":"https:\/\/est-land.ee\/de\/wp-json\/wp\/v2\/product_cat?post=3440"},{"taxonomy":"product_tag","embeddable":true,"href":"https:\/\/est-land.ee\/de\/wp-json\/wp\/v2\/product_tag?post=3440"}],"curies":[{"name":"wp","href":"https:\/\/api.w.org\/{rel}","templated":true}]}}