{"id":3470,"date":"2026-05-06T15:43:10","date_gmt":"2026-05-06T13:36:53","guid":{"rendered":"https:\/\/est-land.ee\/kinnistu\/fluss-und-feld-bauen-sie-ihre-eigene-ranch\/"},"modified":"2026-05-06T16:36:53","modified_gmt":"2026-05-06T13:36:53","slug":"fluss-und-feld-bauen-sie-ihre-eigene-ranch","status":"publish","type":"product","link":"https:\/\/est-land.ee\/de\/kinnistu\/fluss-und-feld-bauen-sie-ihre-eigene-ranch\/","title":{"rendered":"Fluss und Feld \u2013 bauen Sie Ihre eigene Ranch!"},"content":{"rendered":"<p>Zum Verkauf stehen 2 nebeneinanderliegende Grundst\u00fccke:<\/p>\n<p>K\u00d5BRESKIP\u00d5LLU 83401:001:1310 \u2013 bewirtschaftbares Ackerland<br \/>\nPOOLSAARE 83401:001:1311 \u2013 Grundst\u00fcck, das von mehreren Seiten vom Fluss P\u00e4rnu umgeben ist<\/p>\n<p>Das auf dem Grundst\u00fcck Poolsaare befindliche Umspannwerk erm\u00f6glicht einen Stromanschluss zu einem Festpreis.<\/p>\n<p>Die Grundst\u00fccke bilden eine logische Einheit, in der produktives Ackerland und Ufergrundst\u00fccke direkt nebeneinander liegen. Die Grundst\u00fccke eignen sich f\u00fcr den Bau eines Wohnhauses, als Hobbyhof oder zur Freizeitnutzung. <\/p>\n<p>Die N\u00e4he zum Fluss bietet hervorragende M\u00f6glichkeiten f\u00fcr wasserbezogene Aktivit\u00e4ten und verleiht dem Grundst\u00fcck einen klaren Mehrwert. Der Fluss umgibt das Grundst\u00fcck Poolsaare von mehreren Seiten und schafft dadurch ein attraktives Umfeld. <\/p>\n<p>Geeignet f\u00fcr K\u00e4ufer, die Weitl\u00e4ufigkeit, Naturn\u00e4he und Privatsph\u00e4re sch\u00e4tzen, gleichzeitig jedoch ein Grundst\u00fcck mit klarem Nutzwert suchen.<br \/>Es handelt sich um eine seltene Kombination, bei der landwirtschaftlich nutzbares Ackerland und ein nat\u00fcrlich abgeschiedenes Flussufergrundst\u00fcck eine zusammenh\u00e4ngende Einheit bilden.<\/p>\n<p>Die Zufahrt zum Grundst\u00fcck ist durch eine Schranke begrenzt. Eine selbstst\u00e4ndige Besichtigung des Grundst\u00fccks ist m\u00f6glich, wir bitten jedoch darum, den Verk\u00e4ufer vorab dar\u00fcber zu informieren. <\/p>\n<p><iframe loading=\"lazy\" src=\"https:\/\/xgis.maaamet.ee\/xgis2\/page\/link\/B6Y2-cUG?plugin=true\" width=\"1200\" height=\"500\"><\/iframe><\/p>\n","protected":false},"excerpt":{"rendered":"<p>Grundst\u00fccksname: <strong>K\u00d5BRESKIP\u00d5LLU und POOLSAARE<\/strong><\/p>\n","protected":false},"featured_media":3464,"template":"","meta":[],"product_brand":[],"product_cat":[155],"product_tag":[],"class_list":{"0":"post-3470","1":"product","2":"type-product","3":"status-publish","4":"has-post-thumbnail","6":"product_cat-ackerland","7":"sales-flash-overlay","8":"woocommerce-text-align-center","9":"woocommerce-image-align-center","11":"first","12":"instock","13":"shipping-taxable","14":"purchasable","15":"product-type-real-estate"},"_links":{"self":[{"href":"https:\/\/est-land.ee\/de\/wp-json\/wp\/v2\/product\/3470","targetHints":{"allow":["GET"]}}],"collection":[{"href":"https:\/\/est-land.ee\/de\/wp-json\/wp\/v2\/product"}],"about":[{"href":"https:\/\/est-land.ee\/de\/wp-json\/wp\/v2\/types\/product"}],"wp:featuredmedia":[{"embeddable":true,"href":"https:\/\/est-land.ee\/de\/wp-json\/wp\/v2\/media\/3464"}],"wp:attachment":[{"href":"https:\/\/est-land.ee\/de\/wp-json\/wp\/v2\/media?parent=3470"}],"wp:term":[{"taxonomy":"product_brand","embeddable":true,"href":"https:\/\/est-land.ee\/de\/wp-json\/wp\/v2\/product_brand?post=3470"},{"taxonomy":"product_cat","embeddable":true,"href":"https:\/\/est-land.ee\/de\/wp-json\/wp\/v2\/product_cat?post=3470"},{"taxonomy":"product_tag","embeddable":true,"href":"https:\/\/est-land.ee\/de\/wp-json\/wp\/v2\/product_tag?post=3470"}],"curies":[{"name":"wp","href":"https:\/\/api.w.org\/{rel}","templated":true}]}}