{"id":2335,"date":"2025-01-27T09:11:21","date_gmt":"2025-01-31T15:44:08","guid":{"rendered":"https:\/\/est-land.ee\/kinnistu\/erittain-hyva-peltomaa-tapan-lahella\/"},"modified":"2025-03-19T13:01:54","modified_gmt":"2025-03-19T11:01:54","slug":"erittain-hyva-peltomaa-tapan-lahella","status":"publish","type":"product","link":"https:\/\/est-land.ee\/fi\/kinnistu\/erittain-hyva-peltomaa-tapan-lahella\/","title":{"rendered":"Eritt\u00e4in hyv\u00e4 peltomaa Tapan l\u00e4hell\u00e4"},"content":{"rendered":"<p><iframe loading=\"lazy\" src=\"https:\/\/xgis.maaamet.ee\/xgis2\/page\/link\/I2wG3aKH?plugin=true\" width=\"1200\" height=\"500\"><\/iframe><\/p>\n","protected":false},"excerpt":{"rendered":"<p>Objekti nimi: KASE<\/p>\n","protected":false},"featured_media":1823,"template":"","meta":[],"product_brand":[],"product_cat":[154],"product_tag":[],"class_list":{"0":"post-2335","1":"product","2":"type-product","3":"status-publish","4":"has-post-thumbnail","6":"product_cat-peltomaa","7":"sales-flash-overlay","8":"woocommerce-text-align-center","9":"woocommerce-image-align-center","10":"wc-has-gallery","12":"first","13":"instock","14":"shipping-taxable","15":"purchasable","16":"product-type-real-estate"},"_links":{"self":[{"href":"https:\/\/est-land.ee\/fi\/wp-json\/wp\/v2\/product\/2335","targetHints":{"allow":["GET"]}}],"collection":[{"href":"https:\/\/est-land.ee\/fi\/wp-json\/wp\/v2\/product"}],"about":[{"href":"https:\/\/est-land.ee\/fi\/wp-json\/wp\/v2\/types\/product"}],"wp:featuredmedia":[{"embeddable":true,"href":"https:\/\/est-land.ee\/fi\/wp-json\/wp\/v2\/media\/1823"}],"wp:attachment":[{"href":"https:\/\/est-land.ee\/fi\/wp-json\/wp\/v2\/media?parent=2335"}],"wp:term":[{"taxonomy":"product_brand","embeddable":true,"href":"https:\/\/est-land.ee\/fi\/wp-json\/wp\/v2\/product_brand?post=2335"},{"taxonomy":"product_cat","embeddable":true,"href":"https:\/\/est-land.ee\/fi\/wp-json\/wp\/v2\/product_cat?post=2335"},{"taxonomy":"product_tag","embeddable":true,"href":"https:\/\/est-land.ee\/fi\/wp-json\/wp\/v2\/product_tag?post=2335"}],"curies":[{"name":"wp","href":"https:\/\/api.w.org\/{rel}","templated":true}]}}