{"id":2351,"date":"2025-01-27T10:33:00","date_gmt":"2025-01-31T18:01:00","guid":{"rendered":"https:\/\/est-land.ee\/kinnistu\/suuri-metsakiinteisto-hiidenmaalla\/"},"modified":"2025-01-31T20:01:00","modified_gmt":"2025-01-31T18:01:00","slug":"suuri-metsakiinteisto-hiidenmaalla","status":"publish","type":"product","link":"https:\/\/est-land.ee\/fi\/kinnistu\/suuri-metsakiinteisto-hiidenmaalla\/","title":{"rendered":"Suuri mets\u00e4kiinteist\u00f6 Hiidenmaalla"},"content":{"rendered":"<p>Kiinteist\u00f6 sijaitsee Pihla-Kaibaldin luonnonsuojelualueella, jossa on sallittu kerralla enint\u00e4\u00e4n 5 ha suojahakkuut 5 vuoden hakkuuv\u00e4lill\u00e4. Erinomainen kiinteist\u00f6 mets\u00e4st\u00e4jille Suojelualueella mets\u00e4st\u00e4minen sallittu. Ihanteellinen kiinteist\u00f6 mets\u00e4st\u00e4jille! Kaitseala osal on jahipidamine lubatud.<\/p>\n<p><iframe loading=\"lazy\" src=\"https:\/\/xgis.maaamet.ee\/xgis2\/page\/link\/QT1mrS-0?plugin=true\" width=\"1200\" height=\"500\"><\/iframe><\/p>\n","protected":false},"excerpt":{"rendered":"<p>Kiinteist\u00f6n nimi: LEEMENDI<\/p>\n","protected":false},"featured_media":1895,"template":"","meta":[],"product_brand":[],"product_cat":[150],"product_tag":[],"class_list":{"0":"post-2351","1":"product","2":"type-product","3":"status-publish","4":"has-post-thumbnail","6":"product_cat-metsamaa-fi","7":"sales-flash-overlay","8":"woocommerce-text-align-center","9":"woocommerce-image-align-center","10":"wc-has-gallery","12":"first","13":"instock","14":"shipping-taxable","15":"purchasable","16":"product-type-real-estate"},"_links":{"self":[{"href":"https:\/\/est-land.ee\/fi\/wp-json\/wp\/v2\/product\/2351","targetHints":{"allow":["GET"]}}],"collection":[{"href":"https:\/\/est-land.ee\/fi\/wp-json\/wp\/v2\/product"}],"about":[{"href":"https:\/\/est-land.ee\/fi\/wp-json\/wp\/v2\/types\/product"}],"wp:featuredmedia":[{"embeddable":true,"href":"https:\/\/est-land.ee\/fi\/wp-json\/wp\/v2\/media\/1895"}],"wp:attachment":[{"href":"https:\/\/est-land.ee\/fi\/wp-json\/wp\/v2\/media?parent=2351"}],"wp:term":[{"taxonomy":"product_brand","embeddable":true,"href":"https:\/\/est-land.ee\/fi\/wp-json\/wp\/v2\/product_brand?post=2351"},{"taxonomy":"product_cat","embeddable":true,"href":"https:\/\/est-land.ee\/fi\/wp-json\/wp\/v2\/product_cat?post=2351"},{"taxonomy":"product_tag","embeddable":true,"href":"https:\/\/est-land.ee\/fi\/wp-json\/wp\/v2\/product_tag?post=2351"}],"curies":[{"name":"wp","href":"https:\/\/api.w.org\/{rel}","templated":true}]}}