{"id":2382,"date":"2025-01-27T12:06:04","date_gmt":"2025-02-01T09:29:49","guid":{"rendered":"https:\/\/est-land.ee\/kinnistu\/niemimaa-parnujoen-rannalla-rakentaminen-sallittu-rakentaminen-sallittu\/"},"modified":"2025-02-01T11:29:49","modified_gmt":"2025-02-01T09:29:49","slug":"niemimaa-parnujoen-rannalla-rakentaminen-sallittu-rakentaminen-sallittu","status":"publish","type":"product","link":"https:\/\/est-land.ee\/fi\/kinnistu\/niemimaa-parnujoen-rannalla-rakentaminen-sallittu-rakentaminen-sallittu\/","title":{"rendered":"Niemimaa P\u00e4rnujoen rannalla. Rakentaminen sallittu! Rakentaminen sallittu!"},"content":{"rendered":"<p>Kiinteist\u00f6t P\u00e4rnujoen varrella.<br \/>\nNiityt.<br \/>\nOsta oma yksityinen niemi Keski-Virossa P\u00e4rnujoen rannalla.<\/p>\n<p><iframe loading=\"lazy\" src=\"https:\/\/xgis.maaamet.ee\/xgis2\/page\/link\/K-7uZ1Di?plugin=true\" width=\"1200\" height=\"500\"><\/iframe><\/p>\n","protected":false},"excerpt":{"rendered":"<p>Objekti nimi: POOLSAARE<\/p>\n","protected":false},"featured_media":2023,"template":"","meta":[],"product_brand":[],"product_cat":[154,146],"product_tag":[],"class_list":{"0":"post-2382","1":"product","2":"type-product","3":"status-publish","4":"has-post-thumbnail","6":"product_cat-peltomaa","7":"product_cat-kiinteisto-tontinrakennusoikeudella","8":"sales-flash-overlay","9":"woocommerce-text-align-center","10":"woocommerce-image-align-center","12":"first","13":"instock","14":"shipping-taxable","15":"purchasable","16":"product-type-real-estate"},"_links":{"self":[{"href":"https:\/\/est-land.ee\/fi\/wp-json\/wp\/v2\/product\/2382","targetHints":{"allow":["GET"]}}],"collection":[{"href":"https:\/\/est-land.ee\/fi\/wp-json\/wp\/v2\/product"}],"about":[{"href":"https:\/\/est-land.ee\/fi\/wp-json\/wp\/v2\/types\/product"}],"wp:featuredmedia":[{"embeddable":true,"href":"https:\/\/est-land.ee\/fi\/wp-json\/wp\/v2\/media\/2023"}],"wp:attachment":[{"href":"https:\/\/est-land.ee\/fi\/wp-json\/wp\/v2\/media?parent=2382"}],"wp:term":[{"taxonomy":"product_brand","embeddable":true,"href":"https:\/\/est-land.ee\/fi\/wp-json\/wp\/v2\/product_brand?post=2382"},{"taxonomy":"product_cat","embeddable":true,"href":"https:\/\/est-land.ee\/fi\/wp-json\/wp\/v2\/product_cat?post=2382"},{"taxonomy":"product_tag","embeddable":true,"href":"https:\/\/est-land.ee\/fi\/wp-json\/wp\/v2\/product_tag?post=2382"}],"curies":[{"name":"wp","href":"https:\/\/api.w.org\/{rel}","templated":true}]}}