{"id":2399,"date":"2025-01-27T12:35:38","date_gmt":"2025-01-27T10:35:38","guid":{"rendered":"https:\/\/est-land.ee\/kinnistu\/asuintontti-jossa-mahdollinen-rakentaa-aurinkopuisto\/"},"modified":"2025-01-27T12:35:38","modified_gmt":"2025-01-27T10:35:38","slug":"asuintontti-jossa-mahdollinen-rakentaa-aurinkopuisto","status":"publish","type":"product","link":"https:\/\/est-land.ee\/fi\/kinnistu\/asuintontti-jossa-mahdollinen-rakentaa-aurinkopuisto\/","title":{"rendered":"Asuintontti, jossa mahdollinen rakentaa aurinkopuisto"},"content":{"rendered":"<p>Asuintontti J\u00f5el\u00e4htmen kunnassa, jossa on mahdollisuus rakentaa aurinkopuisto. Asuintontti, jolla on hankeolosuhteet ja 30 kw:n liittym\u00e4.<br \/>\nHintaan lis\u00e4t\u00e4\u00e4n arvonlis\u00e4vero. Myyd\u00e4\u00e4n kaksi vierekk\u00e4ist\u00e4 maarekisteripalstaa yhdess\u00e4 &#8211; 24501:001:2275 Eespere ja 24501:001:2276 Ees-S\u00f6\u00f6di. <\/p>\n<p><iframe loading=\"lazy\" src=\"https:\/\/xgis.maaamet.ee\/xgis2\/page\/link\/7rDcOHi?plugin=true\" width=\"580\" height=\"500\"><\/iframe><iframe loading=\"lazy\" src=\"https:\/\/xgis.maaamet.ee\/xgis2\/page\/link\/PI-LbX0N?plugin=true\" width=\"580\" height=\"500\"><\/iframe><\/p>\n","protected":false},"excerpt":{"rendered":"<p>Kiinteist\u00f6n nimi: EES-S\u00d6\u00d6DI ja EESPERE<\/p>\n","protected":false},"featured_media":2123,"template":"","meta":[],"product_brand":[],"product_cat":[138],"product_tag":[],"class_list":{"0":"post-2399","1":"product","2":"type-product","3":"status-publish","4":"has-post-thumbnail","6":"product_cat-asuinrakennusmaa","7":"sales-flash-overlay","8":"woocommerce-text-align-center","9":"woocommerce-image-align-center","11":"first","12":"instock","13":"shipping-taxable","14":"purchasable","15":"product-type-real-estate"},"_links":{"self":[{"href":"https:\/\/est-land.ee\/fi\/wp-json\/wp\/v2\/product\/2399","targetHints":{"allow":["GET"]}}],"collection":[{"href":"https:\/\/est-land.ee\/fi\/wp-json\/wp\/v2\/product"}],"about":[{"href":"https:\/\/est-land.ee\/fi\/wp-json\/wp\/v2\/types\/product"}],"wp:featuredmedia":[{"embeddable":true,"href":"https:\/\/est-land.ee\/fi\/wp-json\/wp\/v2\/media\/2123"}],"wp:attachment":[{"href":"https:\/\/est-land.ee\/fi\/wp-json\/wp\/v2\/media?parent=2399"}],"wp:term":[{"taxonomy":"product_brand","embeddable":true,"href":"https:\/\/est-land.ee\/fi\/wp-json\/wp\/v2\/product_brand?post=2399"},{"taxonomy":"product_cat","embeddable":true,"href":"https:\/\/est-land.ee\/fi\/wp-json\/wp\/v2\/product_cat?post=2399"},{"taxonomy":"product_tag","embeddable":true,"href":"https:\/\/est-land.ee\/fi\/wp-json\/wp\/v2\/product_tag?post=2399"}],"curies":[{"name":"wp","href":"https:\/\/api.w.org\/{rel}","templated":true}]}}