{"id":3170,"date":"2025-07-30T12:51:03","date_gmt":"2025-05-15T09:51:04","guid":{"rendered":"https:\/\/est-land.ee\/?post_type=product&#038;p=3170"},"modified":"2026-04-24T14:25:58","modified_gmt":"2026-04-24T11:25:58","slug":"kiinteisto-saaremaalla-mantymetsa-rakennusmahdollisuus","status":"publish","type":"product","link":"https:\/\/est-land.ee\/fi\/kinnistu\/kiinteisto-saaremaalla-mantymetsa-rakennusmahdollisuus\/","title":{"rendered":"Kiinteist\u00f6 Saarenmaalla, hyv\u00e4t kulkuyhteydet"},"content":{"rendered":"<p><strong>Kiinteist\u00f6 Saarenmaalla \u2013 m\u00e4ntymets\u00e4, rakennusmahdollisuus<\/strong><\/p>\n<p>Myyd\u00e4\u00e4n yksityinen kiinteist\u00f6 Saarenmaalla \u2013 m\u00e4ntymets\u00e4, meri alle 1 km, rakennusmahdollisuus<\/p>\n<p>Etsitk\u00f6 paikkaa, jossa yhdistyv\u00e4t luonto, oma rauha ja varma arvo?<br \/>\nSaarenmaalla on myynniss\u00e4 5,54 hehtaarin kiinteist\u00f6, joka tarjoaa mahdollisuuden niin asumiseen kuin sijoittamiseen.<\/p>\n<p>Kyseess\u00e4 on erinomainen tontti kauniilla ja rauhallisella alueella:<br \/>* Kaunis m\u00e4ntymets\u00e4 \u2013 luonnollinen ymp\u00e4rist\u00f6<br \/>\n* Puuston tilavuus 556 m\u00b3 \u2013 todellista arvoa (2025 mets\u00e4taloussuunnitelman mukaan)<br \/>\n* Rakennusmahdollisuus \u2013 Saarenmaan kunnan tiedon mukaan mahdollinen<br \/>\n* Meri alle 1 km \u2013 erinomainen sijainti vapaa-ajan asunnolle tai pysyv\u00e4\u00e4n asumiseen<br \/>\n* Asfalttitien varrella \u2013 helppo kulku ymp\u00e4ri vuoden<br \/>\n* Valmis liittym\u00e4 kiinteist\u00f6lle<br \/>\n* S\u00e4hk\u00f6asema 400 m p\u00e4\u00e4ss\u00e4<\/p>\n<p>Kiinteist\u00f6 sopii erinomaisesti:<br \/>* omakotitalon tai vapaa-ajan asunnon rakentamiseen<br \/>\n* rauhalliseksi lomapaikaksi luonnon keskell\u00e4<br \/>\n* mets\u00e4talouteen ja pitk\u00e4aikaiseen sijoittamiseen<\/p>\n<p>T\u00e4m\u00e4 on paikka, jossa voit nauttia Saarenmaan rauhasta, hiljaisuudesta ja luonnosta \u2013 ilman ett\u00e4 joudut tinkim\u00e4\u00e4n hyv\u00e4st\u00e4 saavutettavuudesta ja rakennusmahdollisuudesta.<\/p>\n<p>Jos arvostat omaa rauhaa, luontoa ja mahdollisuutta toteuttaa omia ideoitasi, t\u00e4m\u00e4 kiinteist\u00f6 on ehdottomasti tutustumisen arvoinen.<\/p>\n<p>Ota yhteytt\u00e4 ja kysy lis\u00e4tietoja tai sovi esittely!<\/p>\n<p><iframe loading=\"lazy\" src=\"https:\/\/xgis.maaamet.ee\/xgis2\/page\/link\/C9XmSb8i?plugin=true\" width=\"1200\" height=\"500\"><\/iframe><\/p>\n","protected":false},"excerpt":{"rendered":"<p>Kiinteist\u00f6n nimi: KARJA<\/p>\n","protected":false},"featured_media":3159,"template":"","meta":[],"product_brand":[],"product_cat":[150],"product_tag":[],"class_list":{"0":"post-3170","1":"product","2":"type-product","3":"status-publish","4":"has-post-thumbnail","6":"product_cat-metsamaa-fi","7":"sales-flash-overlay","8":"woocommerce-text-align-center","9":"woocommerce-image-align-center","11":"first","12":"instock","13":"shipping-taxable","14":"purchasable","15":"product-type-real-estate"},"_links":{"self":[{"href":"https:\/\/est-land.ee\/fi\/wp-json\/wp\/v2\/product\/3170","targetHints":{"allow":["GET"]}}],"collection":[{"href":"https:\/\/est-land.ee\/fi\/wp-json\/wp\/v2\/product"}],"about":[{"href":"https:\/\/est-land.ee\/fi\/wp-json\/wp\/v2\/types\/product"}],"wp:featuredmedia":[{"embeddable":true,"href":"https:\/\/est-land.ee\/fi\/wp-json\/wp\/v2\/media\/3159"}],"wp:attachment":[{"href":"https:\/\/est-land.ee\/fi\/wp-json\/wp\/v2\/media?parent=3170"}],"wp:term":[{"taxonomy":"product_brand","embeddable":true,"href":"https:\/\/est-land.ee\/fi\/wp-json\/wp\/v2\/product_brand?post=3170"},{"taxonomy":"product_cat","embeddable":true,"href":"https:\/\/est-land.ee\/fi\/wp-json\/wp\/v2\/product_cat?post=3170"},{"taxonomy":"product_tag","embeddable":true,"href":"https:\/\/est-land.ee\/fi\/wp-json\/wp\/v2\/product_tag?post=3170"}],"curies":[{"name":"wp","href":"https:\/\/api.w.org\/{rel}","templated":true}]}}