{"id":3216,"date":"2025-06-30T13:53:48","date_gmt":"2025-10-28T12:39:13","guid":{"rendered":"https:\/\/est-land.ee\/kinnistu\/hyvien-kulkuyhteyksien-kiinteisto-parnumaalla\/"},"modified":"2026-04-20T16:08:58","modified_gmt":"2026-04-20T13:08:58","slug":"hyvien-kulkuyhteyksien-kiinteisto-parnumaalla","status":"publish","type":"product","link":"https:\/\/est-land.ee\/fi\/kinnistu\/hyvien-kulkuyhteyksien-kiinteisto-parnumaalla\/","title":{"rendered":"Rakennuspaikka P\u00e4rnun l\u00e4hell\u00e4 \u2013 4,01 ha"},"content":{"rendered":"<p>Myyd\u00e4\u00e4n kiinteist\u00f6 P\u00e4rnun kunnassa, Maldan kyl\u00e4ss\u00e4 (l\u00e4hell\u00e4 Audrua). Kohde sopii erinomaisesti oman kodin rakentamiseen rauhalliseen ja luonnonl\u00e4heiseen ymp\u00e4rist\u00f6\u00f6n, kuitenkin l\u00e4helle kaupunkia.<\/p>\n<p>Kiinteist\u00f6n pinta-ala on 4,01 hehtaaria, josta:<br \/>3,27 ha viljelymaata (rekister\u00f6ity PRIA:ssa \u2013 viljelykasvit)<br \/>\n0,65 ha mets\u00e4maata (mets\u00e4 hakattu vuoden 2025 alussa)<\/p>\n<p>Viljelymaa on aktiivisessa k\u00e4yt\u00f6ss\u00e4, mik\u00e4 auttaa pit\u00e4m\u00e4\u00e4n maan hyv\u00e4ss\u00e4 kunnossa ja s\u00e4ilytt\u00e4m\u00e4\u00e4n sen arvon.<\/p>\n<p>Kiinteist\u00f6 rajoittuu Audru\u2013Lavassaare\u2013Vahenurme -tiehen, ja sill\u00e4 on suora liittym\u00e4, mik\u00e4 takaa hyv\u00e4t kulkuyhteydet ymp\u00e4ri vuoden.<\/p>\n<p>Kiinteist\u00f6ll\u00e4 ei ole t\u00e4ll\u00e4 hetkell\u00e4 liittymi\u00e4, mutta l\u00e4hell\u00e4 sijaitsee s\u00e4hk\u00f6asema, ja s\u00e4hk\u00f6liittym\u00e4 on mahdollista saada kiinte\u00e4ll\u00e4 liittym\u00e4maksulla.<\/p>\n<p>P\u00e4rnun kunnalta saadun tiedon mukaan kiinteist\u00f6lle on mahdollista rakentaa, joten kohde soveltuu hyvin asuinrakennuksen rakentamiseen.<\/p>\n<p>Suuren pinta-alan ansiosta kiinteist\u00f6 tarjoaa mahdollisuuksia my\u00f6s maatalouteen, harrastetoimintaan tai pienimuotoiseen yritystoimintaan.<\/p>\n<p>Ota yhteytt\u00e4 ja kysy lis\u00e4tietoja tai tule tutustumaan kiinteist\u00f6\u00f6n paikan p\u00e4\u00e4lle!<\/p>\n<p><iframe loading=\"lazy\" src=\"https:\/\/xgis.maaamet.ee\/xgis2\/page\/link\/beAOXR4s\" width=\"1200\" height=\"500\"><\/iframe><\/p>\n","protected":false},"excerpt":{"rendered":"<p>Kiinteist\u00f6n nimi: <strong>KAASIKU<\/strong><\/p>\n","protected":false},"featured_media":3200,"template":"","meta":[],"product_brand":[],"product_cat":[154],"product_tag":[],"class_list":{"0":"post-3216","1":"product","2":"type-product","3":"status-publish","4":"has-post-thumbnail","6":"product_cat-peltomaa","7":"sales-flash-overlay","8":"woocommerce-text-align-center","9":"woocommerce-image-align-center","11":"first","12":"instock","13":"shipping-taxable","14":"purchasable","15":"product-type-real-estate"},"_links":{"self":[{"href":"https:\/\/est-land.ee\/fi\/wp-json\/wp\/v2\/product\/3216","targetHints":{"allow":["GET"]}}],"collection":[{"href":"https:\/\/est-land.ee\/fi\/wp-json\/wp\/v2\/product"}],"about":[{"href":"https:\/\/est-land.ee\/fi\/wp-json\/wp\/v2\/types\/product"}],"wp:featuredmedia":[{"embeddable":true,"href":"https:\/\/est-land.ee\/fi\/wp-json\/wp\/v2\/media\/3200"}],"wp:attachment":[{"href":"https:\/\/est-land.ee\/fi\/wp-json\/wp\/v2\/media?parent=3216"}],"wp:term":[{"taxonomy":"product_brand","embeddable":true,"href":"https:\/\/est-land.ee\/fi\/wp-json\/wp\/v2\/product_brand?post=3216"},{"taxonomy":"product_cat","embeddable":true,"href":"https:\/\/est-land.ee\/fi\/wp-json\/wp\/v2\/product_cat?post=3216"},{"taxonomy":"product_tag","embeddable":true,"href":"https:\/\/est-land.ee\/fi\/wp-json\/wp\/v2\/product_tag?post=3216"}],"curies":[{"name":"wp","href":"https:\/\/api.w.org\/{rel}","templated":true}]}}