{"id":3282,"date":"2026-04-22T16:27:54","date_gmt":"2026-04-23T10:13:04","guid":{"rendered":"https:\/\/est-land.ee\/kinnistu\/harjumaa-9-ha-yksityisyytta-30-km-tallinnasta\/"},"modified":"2026-04-23T13:18:07","modified_gmt":"2026-04-23T10:18:07","slug":"harjumaa-9-ha-yksityisyytta-30-km-tallinnasta","status":"publish","type":"product","link":"https:\/\/est-land.ee\/fi\/kinnistu\/harjumaa-9-ha-yksityisyytta-30-km-tallinnasta\/","title":{"rendered":"Harjumaa 9 ha \u2013 yksityisyytt\u00e4, 30 km Tallinnasta"},"content":{"rendered":"<p><strong>Myyd\u00e4\u00e4n yksityinen kiinteist\u00f6 Harjumaalla<\/strong><\/p>\n<p>Etsitk\u00f6 jotain enemm\u00e4n kuin tavallista tonttia \u2013 paikkaa, jossa on oikeasti tilaa, rauhaa ja luontoa?<\/p>\n<p>Kiinteist\u00f6n suurin arvo \u2013 t\u00e4ydellinen yksityisyys<br \/>\nNaapurit eiv\u00e4t h\u00e4iritse \u2013 etk\u00e4 sin\u00e4 h\u00e4iritse heit\u00e4<br \/>\nHiljaisuus, luonto ja oma rauha<\/p>\n<p>Kiinteist\u00f6 sopii erinomaisesti:<br \/>\nMets\u00e4talouteen ja maatalouteen<br \/>\nLuonnosta nauttimiseen ja vapaa-ajan viettoon<br \/>\nPitk\u00e4aikaiseen sijoitukseen<\/p>\n<p>Kenelle t\u00e4m\u00e4 kohde sopii?<br \/>\nhenkil\u00f6lle, joka etsii jotain erilaista ja yksityist\u00e4<br \/>\nsijoittajalle, joka n\u00e4kee potentiaalin, ei pelk\u00e4st\u00e4\u00e4n nykytilannetta<br \/>\nostajalle, joka on valmis luomaan lis\u00e4arvoa pienell\u00e4 lis\u00e4panoksella<\/p>\n<p>Kiinteist\u00f6ll\u00e4 ei ole t\u00e4ll\u00e4 hetkell\u00e4 virallista kulkuyhteytt\u00e4. L\u00e4hin tie sijaitsee noin 170 m p\u00e4\u00e4ss\u00e4, ja kulkuyhteyden j\u00e4rjest\u00e4minen edellytt\u00e4\u00e4 sopimuksia naapurikiinteist\u00f6jen omistajien kanssa. <\/p>\n<p>Kiinteist\u00f6lle on laadittu mets\u00e4nhoitosuunnitelma vuodelle 2026<br \/>\nKyseess\u00e4 on p\u00e4\u00e4osin II boniteetin mets\u00e4maa<br \/>\nKasvava mets\u00e4: keski-ik\u00e4inen ja riukumets\u00e4<br \/>\nPuuston kokonaism\u00e4\u00e4r\u00e4 553 m\u00b3, josta:<br \/>\nkuusi 313 m\u00b3<br \/>\nkoivu 204 m\u00b3<br \/>\nhaapa 31 m\u00b3<br \/>\nm\u00e4nty 5 m\u00b3<br \/>\nSuositeltu hakkuum\u00e4\u00e4r\u00e4 noin 60 m\u00b3<\/p>\n<p>Peltomaa on ollut jatkuvassa k\u00e4yt\u00f6ss\u00e4.<\/p>\n<p>Jos etsit tavallista tonttia \u2013 t\u00e4m\u00e4 ei ole se.<br \/>\nJos etsit mahdollisuutta \u2013 t\u00e4h\u00e4n kannattaa ehdottomasti tutustua!<\/p>\n<p><iframe loading=\"lazy\" src=\"https:\/\/xgis.maaamet.ee\/xgis2\/page\/link\/BZQOjJr?plugin=true\" width=\"1200\" height=\"500\"><\/iframe><\/p>\n","protected":false},"excerpt":{"rendered":"<p> Kiinteist\u00f6n nimi: <strong>VISTERM\u00c4E<\/strong><\/p>\n","protected":false},"featured_media":3251,"template":"","meta":[],"product_brand":[],"product_cat":[154,150],"product_tag":[],"class_list":{"0":"post-3282","1":"product","2":"type-product","3":"status-publish","4":"has-post-thumbnail","6":"product_cat-peltomaa","7":"product_cat-metsamaa-fi","8":"sales-flash-overlay","9":"woocommerce-text-align-center","10":"woocommerce-image-align-center","12":"first","13":"instock","14":"shipping-taxable","15":"purchasable","16":"product-type-real-estate"},"_links":{"self":[{"href":"https:\/\/est-land.ee\/fi\/wp-json\/wp\/v2\/product\/3282","targetHints":{"allow":["GET"]}}],"collection":[{"href":"https:\/\/est-land.ee\/fi\/wp-json\/wp\/v2\/product"}],"about":[{"href":"https:\/\/est-land.ee\/fi\/wp-json\/wp\/v2\/types\/product"}],"wp:featuredmedia":[{"embeddable":true,"href":"https:\/\/est-land.ee\/fi\/wp-json\/wp\/v2\/media\/3251"}],"wp:attachment":[{"href":"https:\/\/est-land.ee\/fi\/wp-json\/wp\/v2\/media?parent=3282"}],"wp:term":[{"taxonomy":"product_brand","embeddable":true,"href":"https:\/\/est-land.ee\/fi\/wp-json\/wp\/v2\/product_brand?post=3282"},{"taxonomy":"product_cat","embeddable":true,"href":"https:\/\/est-land.ee\/fi\/wp-json\/wp\/v2\/product_cat?post=3282"},{"taxonomy":"product_tag","embeddable":true,"href":"https:\/\/est-land.ee\/fi\/wp-json\/wp\/v2\/product_tag?post=3282"}],"curies":[{"name":"wp","href":"https:\/\/api.w.org\/{rel}","templated":true}]}}