{"id":3439,"date":"2026-04-30T15:31:31","date_gmt":"2026-05-04T11:50:41","guid":{"rendered":"https:\/\/est-land.ee\/kinnistu\/kiinteisto-tapan-lahella-viljelysmaa-ja-rakennuspotentiaali\/"},"modified":"2026-05-04T14:52:23","modified_gmt":"2026-05-04T11:52:23","slug":"kiinteisto-tapan-lahella-viljelysmaa-ja-rakennuspotentiaali","status":"publish","type":"product","link":"https:\/\/est-land.ee\/fi\/kinnistu\/kiinteisto-tapan-lahella-viljelysmaa-ja-rakennuspotentiaali\/","title":{"rendered":"Kiinteist\u00f6 Tapan l\u00e4hell\u00e4 \u2013 viljelysmaa ja rakennuspotentiaali"},"content":{"rendered":"<p>Myyd\u00e4\u00e4n monipuolisia mahdollisuuksia tarjoava kiinteist\u00f6 L\u00e4nsi-Virumaalla, Tapan kunnassa, Lehtsen taajaman v\u00e4litt\u00f6m\u00e4ss\u00e4 l\u00e4heisyydess\u00e4. Kyseess\u00e4 on 15,7 hehtaarin suuruinen maatilamaa, josta noin 15 hehtaaria on viljelyk\u00e4yt\u00f6ss\u00e4 olevaa peltoa. <\/p>\n<p>T\u00e4m\u00e4 kiinteist\u00f6 Tapan l\u00e4hell\u00e4 sopii erinomaisesti:<br \/>\n\u2714 Maataloustoimintaan<br \/>\n\u2714 Asuinrakennuksen tai maaseutuasunnon rakentamiseen (ehdot tarkistettava paikalliselta kunnalta)<br \/>\n\u2714 Maan jakamiseen pienemmiksi tonteiksi<br \/>\n\u2714 Sijoitukseksi laadukkaaseen viljelysmaahan<\/p>\n<p>Eritt\u00e4in hyv\u00e4 sijainti ja kulkuyhteydet<br \/>\n\u2714 Tallinnan rajalta alle tunnin ajomatkan p\u00e4\u00e4ss\u00e4<br \/>\n\u2714 Tapan kaupunki vain 10 minuutin p\u00e4\u00e4ss\u00e4<br \/>\n\u2714 Lehtsen taajaman v\u00e4litt\u00f6m\u00e4ss\u00e4 l\u00e4heisyydess\u00e4 \u2013 ruokakauppa saatavilla<br \/>\n\u2714 Alle 1 km Lehtsen rautatieasemalta<br \/>Sijainti tarjoaa hyv\u00e4n tasapainon \u2013 riitt\u00e4v\u00e4n l\u00e4hell\u00e4 kaupunkeja, mutta samalla rauhallinen ja luonnonl\u00e4heinen.<\/p>\n<p>Kulku ja k\u00e4ytt\u00f6potentiaali<br \/>\n\u2714 Suora liittym\u00e4 asfalttitielt\u00e4 (Tapa\u2013Lehtse\u2013J\u00e4neda -tie)<br \/>\n\u2714 Kiinteist\u00f6n l\u00e4pi kulkee soratie, joka mahdollistaa maan jakamisen tarvittaessa pienemmiksi tonteiksi, joille on kulkuyhteys<br \/>\n\u2714 S\u00e4hk\u00f6asema alle 400 m et\u00e4isyydell\u00e4 \u2013 s\u00e4hk\u00f6liittym\u00e4 mahdollista kiinte\u00e4\u00e4n hintaan<br \/>Kiinteist\u00f6 sopii hyvin my\u00f6s niille, jotka etsiv\u00e4t suurempaa maa-aluetta, jonka voi tulevaisuudessa jakaa osiin.<\/p>\n<p>Laadukas ja k\u00e4yt\u00f6ss\u00e4 oleva viljelysmaa<br \/>\n\u2714 Viljelykelpoista maata noin 15 ha<br \/>\n\u2714 Keskim\u00e4\u00e4r\u00e4inen boniteetti noin 60 \u2013 eritt\u00e4in hyv\u00e4 viljelysmaa Viron mittakaavassa<br \/>\n\u2714 Maata on k\u00e4ytetty jatkuvasti<br \/>\n\u2714 Ei ole sidottu pitk\u00e4aikaiseen vuokrasopimukseen \u2013 maa on heti k\u00e4ytett\u00e4viss\u00e4<\/p>\n<p>Miksi t\u00e4m\u00e4 kiinteist\u00f6 on hyv\u00e4 valinta?<br \/>\nT\u00e4llaisella sijainnilla varustetut suuret maa-alueet, joissa on:<br \/>\n\u2714 hyv\u00e4 kulkuyhteys asfalttitielt\u00e4<br \/>\n\u2714 rautatieaseman l\u00e4heisyys<br \/>\n\u2714 rakennuspotentiaali<br \/>\n\u2714 s\u00e4hk\u00f6liittym\u00e4n mahdollisuus<br \/>\n\u2714 laadukas viljelysmaa<br \/>\n\u2714 jakamismahdollisuus<br \/>\u2026 ovat harvoin saatavilla markkinoilla.<\/p>\n","protected":false},"excerpt":{"rendered":"<p> Kiinteist\u00f6n nimi: <strong>NILGU<\/strong><\/p>\n","protected":false},"featured_media":3421,"template":"","meta":[],"product_brand":[],"product_cat":[154],"product_tag":[],"class_list":{"0":"post-3439","1":"product","2":"type-product","3":"status-publish","4":"has-post-thumbnail","6":"product_cat-peltomaa","7":"sales-flash-overlay","8":"woocommerce-text-align-center","9":"woocommerce-image-align-center","11":"first","12":"instock","13":"shipping-taxable","14":"purchasable","15":"product-type-real-estate"},"_links":{"self":[{"href":"https:\/\/est-land.ee\/fi\/wp-json\/wp\/v2\/product\/3439","targetHints":{"allow":["GET"]}}],"collection":[{"href":"https:\/\/est-land.ee\/fi\/wp-json\/wp\/v2\/product"}],"about":[{"href":"https:\/\/est-land.ee\/fi\/wp-json\/wp\/v2\/types\/product"}],"wp:featuredmedia":[{"embeddable":true,"href":"https:\/\/est-land.ee\/fi\/wp-json\/wp\/v2\/media\/3421"}],"wp:attachment":[{"href":"https:\/\/est-land.ee\/fi\/wp-json\/wp\/v2\/media?parent=3439"}],"wp:term":[{"taxonomy":"product_brand","embeddable":true,"href":"https:\/\/est-land.ee\/fi\/wp-json\/wp\/v2\/product_brand?post=3439"},{"taxonomy":"product_cat","embeddable":true,"href":"https:\/\/est-land.ee\/fi\/wp-json\/wp\/v2\/product_cat?post=3439"},{"taxonomy":"product_tag","embeddable":true,"href":"https:\/\/est-land.ee\/fi\/wp-json\/wp\/v2\/product_tag?post=3439"}],"curies":[{"name":"wp","href":"https:\/\/api.w.org\/{rel}","templated":true}]}}