{"id":3469,"date":"2026-05-06T15:43:10","date_gmt":"2026-05-06T13:30:28","guid":{"rendered":"https:\/\/est-land.ee\/kinnistu\/joki-ja-pelto-rakenna-oma-ranchisi\/"},"modified":"2026-05-06T16:30:28","modified_gmt":"2026-05-06T13:30:28","slug":"joki-ja-pelto-rakenna-oma-ranchisi","status":"publish","type":"product","link":"https:\/\/est-land.ee\/fi\/kinnistu\/joki-ja-pelto-rakenna-oma-ranchisi\/","title":{"rendered":"Joki ja pelto \u2013 rakenna oma ranchisi!"},"content":{"rendered":"<p>Myynniss\u00e4 on 2 vierekk\u00e4ist\u00e4 kiinteist\u00f6\u00e4:<\/p>\n<p>K\u00d5BRESKIP\u00d5LLU 83401:001:1310 \u2013 viljelyk\u00e4yt\u00f6ss\u00e4 oleva peltomaa<br \/>\nPOOLSAARE 83401:001:1311 \u2013 kiinteist\u00f6, jota ymp\u00e4r\u00f6i usealta sivulta P\u00e4rnujoki<\/p>\n<p>Poolsaareen kiinteist\u00f6ll\u00e4 sijaitseva s\u00e4hk\u00f6asema mahdollistaa s\u00e4hk\u00f6liittym\u00e4n kiinte\u00e4ll\u00e4 hinnalla.<\/p>\n<p>Kiinteist\u00f6t muodostavat loogisen kokonaisuuden, jossa tuottava peltomaa ja joenrantamaa sijaitsevat v\u00e4litt\u00f6m\u00e4sti vierekk\u00e4in. Kiinteist\u00f6t soveltuvat vakituisen asunnon rakentamiseen, harrastetilaksi tai vapaa-ajan k\u00e4ytt\u00f6\u00f6n. <\/p>\n<p>Joen l\u00e4heisyys tarjoaa hyv\u00e4t mahdollisuudet erilaisiin vesist\u00f6\u00f6n liittyviin aktiviteetteihin ja tuo kiinteist\u00f6lle selke\u00e4\u00e4 lis\u00e4arvoa. Joki ymp\u00e4r\u00f6i Poolsaareen maa-aluetta usealta sivulta, luoden houkuttelevan ymp\u00e4rist\u00f6n. <\/p>\n<p>Soveltuu ostajalle, joka arvostaa avaruutta, luonnonl\u00e4heisyytt\u00e4 ja yksityisyytt\u00e4, mutta haluaa samalla maata, jolla on selke\u00e4 k\u00e4ytt\u00f6arvo.<br \/>Kyseess\u00e4 on harvinainen kokonaisuus, jossa tuotantoarvoa omaava peltomaa ja luonnollisesti erist\u00e4ytynyt joenrantakiinteist\u00f6 muodostavat yhten\u00e4isen kokonaisuuden.<\/p>\n<p>P\u00e4\u00e4sy kiinteist\u00f6lle on rajoitettu puomilla. Kiinteist\u00f6\u00f6n voi tutustua my\u00f6s omatoimisesti, mutta pyyd\u00e4mme ilmoittamaan siit\u00e4 myyj\u00e4lle etuk\u00e4teen. <\/p>\n<p><iframe loading=\"lazy\" src=\"https:\/\/xgis.maaamet.ee\/xgis2\/page\/link\/B6Y2-cUG?plugin=true\" width=\"1200\" height=\"500\"><\/iframe><\/p>\n","protected":false},"excerpt":{"rendered":"<p>Kiinteist\u00f6n nimi: <strong>K\u00d5BRESKIP\u00d5LLU ja POOLSAARE<\/strong><\/p>\n","protected":false},"featured_media":3463,"template":"","meta":[],"product_brand":[],"product_cat":[154],"product_tag":[],"class_list":{"0":"post-3469","1":"product","2":"type-product","3":"status-publish","4":"has-post-thumbnail","6":"product_cat-peltomaa","7":"sales-flash-overlay","8":"woocommerce-text-align-center","9":"woocommerce-image-align-center","11":"first","12":"instock","13":"shipping-taxable","14":"purchasable","15":"product-type-real-estate"},"_links":{"self":[{"href":"https:\/\/est-land.ee\/fi\/wp-json\/wp\/v2\/product\/3469","targetHints":{"allow":["GET"]}}],"collection":[{"href":"https:\/\/est-land.ee\/fi\/wp-json\/wp\/v2\/product"}],"about":[{"href":"https:\/\/est-land.ee\/fi\/wp-json\/wp\/v2\/types\/product"}],"wp:featuredmedia":[{"embeddable":true,"href":"https:\/\/est-land.ee\/fi\/wp-json\/wp\/v2\/media\/3463"}],"wp:attachment":[{"href":"https:\/\/est-land.ee\/fi\/wp-json\/wp\/v2\/media?parent=3469"}],"wp:term":[{"taxonomy":"product_brand","embeddable":true,"href":"https:\/\/est-land.ee\/fi\/wp-json\/wp\/v2\/product_brand?post=3469"},{"taxonomy":"product_cat","embeddable":true,"href":"https:\/\/est-land.ee\/fi\/wp-json\/wp\/v2\/product_cat?post=3469"},{"taxonomy":"product_tag","embeddable":true,"href":"https:\/\/est-land.ee\/fi\/wp-json\/wp\/v2\/product_tag?post=3469"}],"curies":[{"name":"wp","href":"https:\/\/api.w.org\/{rel}","templated":true}]}}