{"id":2509,"date":"2025-01-26T12:14:54","date_gmt":"2025-01-26T10:14:54","guid":{"rendered":"https:\/\/est-land.ee\/%d0%bc%d1%8b-%d0%bf%d0%be%d0%ba%d1%83%d0%bf%d0%b0%d0%b5%d0%bc-%d0%b7%d0%b5%d0%bc%d0%bb%d1%8e-%d0%be%d0%b1%d1%80%d0%b5%d0%bc%d0%b5%d0%bd%d0%b5%d0%bd%d0%bd%d1%83%d1%8e-%d0%b8%d0%bf%d0%be%d1%82%d0%b5\/"},"modified":"2025-03-18T11:54:46","modified_gmt":"2025-03-18T09:54:46","slug":"%d0%bc%d1%8b-%d0%bf%d0%be%d0%ba%d1%83%d0%bf%d0%b0%d0%b5%d0%bc-%d0%b7%d0%b5%d0%bc%d0%bb%d1%8e-%d0%be%d0%b1%d1%80%d0%b5%d0%bc%d0%b5%d0%bd%d0%b5%d0%bd%d0%bd%d1%83%d1%8e-%d0%b8%d0%bf%d0%be%d1%82%d0%b5","status":"publish","type":"page","link":"https:\/\/est-land.ee\/ru\/%d0%bc%d1%8b-%d0%bf%d0%be%d0%ba%d1%83%d0%bf%d0%b0%d0%b5%d0%bc-%d0%b7%d0%b5%d0%bc%d0%bb%d1%8e-%d0%be%d0%b1%d1%80%d0%b5%d0%bc%d0%b5%d0%bd%d0%b5%d0%bd%d0%bd%d1%83%d1%8e-%d0%b8%d0%bf%d0%be%d1%82%d0%b5\/","title":{"rendered":"\u041c\u044b \u043f\u043e\u043a\u0443\u043f\u0430\u0435\u043c \u0437\u0435\u043c\u043b\u044e, \u043e\u0431\u0440\u0435\u043c\u0435\u043d\u0435\u043d\u043d\u0443\u044e \u0438\u043f\u043e\u0442\u0435\u043a\u043e\u0439"},"content":{"rendered":"<h2 class=\"gb-headline gb-headline-480252bc gb-headline-text\">\u041f\u043e\u043a\u0443\u043f\u0430\u0435\u043c \u0437\u0435\u043c\u043b\u044e, \u043e\u0431\u0440\u0435\u043c\u0435\u043d\u0435\u043d\u043d\u0443\u044e \u0438\u043f\u043e\u0442\u0435\u043a\u043e\u0439. \u041f\u043e\u043a\u0443\u043f\u043a\u0430 \u0437\u0435\u043c\u043b\u0438, \u043e\u0431\u0440\u0435\u043c\u0435\u043d\u0435\u043d\u043d\u043e\u0439 \u0438\u043f\u043e\u0442\u0435\u043a\u043e\u0439<\/h2><p class=\"has-text-align-center\">\u0425\u043e\u0442\u0438\u0442\u0435 \u043f\u0440\u043e\u0434\u0430\u0442\u044c \u0437\u0435\u043c\u043b\u044e, \u043e\u0431\u0440\u0435\u043c\u0435\u043d\u0435\u043d\u043d\u0443\u044e \u0438\u043f\u043e\u0442\u0435\u043a\u043e\u0439? \u041e\u0431\u044f\u0437\u0430\u0442\u0435\u043b\u044c\u043d\u043e \u0441\u043f\u0440\u043e\u0441\u0438\u0442\u0435 \u043f\u0440\u0435\u0434\u043b\u043e\u0436\u0435\u043d\u0438\u0435 \u0443 \u043d\u0430\u0441! \u041c\u044b \u043f\u043e\u043a\u0443\u043f\u0430\u0435\u043c \u043e\u0431\u0440\u0435\u043c\u0435\u043d\u0435\u043d\u043d\u044b\u0435 \u0438\u043f\u043e\u0442\u0435\u043a\u043e\u0439 \u043e\u0431\u0440\u0430\u0431\u0430\u0442\u044b\u0432\u0430\u0435\u043c\u044b\u0435 \u0437\u0435\u043c\u043b\u0438 \u0438 \u043b\u0435\u0441\u043d\u044b\u0435 \u0443\u0447\u0430\u0441\u0442\u043a\u0438.  <\/p><hr class=\"wp-block-separator has-text-color has-base-color has-alpha-channel-opacity has-base-background-color has-background\"\/><div class=\"gb-grid-wrapper gb-grid-wrapper-0c7c5f94\">\n<div class=\"gb-grid-column gb-grid-column-858635c2\"><div class=\"gb-container gb-container-858635c2\">\n<figure class=\"gb-block-image gb-block-image-ecdf3f09\"><img loading=\"lazy\" decoding=\"async\" width=\"1200\" height=\"801\" class=\"gb-image gb-image-ecdf3f09\" src=\"https:\/\/est-land.ee\/wp-content\/uploads\/2025\/01\/mets.-metsamaa.webp\" alt=\"\" title=\"mets.-metsamaa\" srcset=\"https:\/\/est-land.ee\/wp-content\/uploads\/2025\/01\/mets.-metsamaa.webp 1200w, https:\/\/est-land.ee\/wp-content\/uploads\/2025\/01\/mets.-metsamaa-300x200.webp 300w, https:\/\/est-land.ee\/wp-content\/uploads\/2025\/01\/mets.-metsamaa-1024x684.webp 1024w, https:\/\/est-land.ee\/wp-content\/uploads\/2025\/01\/mets.-metsamaa-768x513.webp 768w, https:\/\/est-land.ee\/wp-content\/uploads\/2025\/01\/mets.-metsamaa-600x401.webp 600w\" sizes=\"auto, (max-width: 1200px) 100vw, 1200px\" \/><\/figure>\n<\/div><\/div>\n\n<div class=\"gb-grid-column gb-grid-column-b4d81031\"><div class=\"gb-container gb-container-b4d81031\">\n<p>\u041c\u044b \u043f\u043e\u043a\u0443\u043f\u0430\u0435\u043c \u043b\u0435\u0441\u043d\u044b\u0435 \u0443\u0447\u0430\u0441\u0442\u043a\u0438 \u0438 \u0441\u0435\u043b\u044c\u0441\u043a\u043e\u0445\u043e\u0437\u044f\u0439\u0441\u0442\u0432\u0435\u043d\u043d\u044b\u0435 \u0437\u0435\u043c\u043b\u0438, \u043f\u0440\u0438\u043e\u0431\u0440\u0435\u0442\u0435\u043d\u043d\u044b\u0435 \u0432 \u0438\u043f\u043e\u0442\u0435\u043a\u0443 \u0443 \u0433\u043e\u0441\u0443\u0434\u0430\u0440\u0441\u0442\u0432\u0430. \u0412 \u0441\u043b\u0443\u0447\u0430\u0435 \u043a\u043e\u043d\u043a\u0440\u0435\u0442\u043d\u043e\u0433\u043e \u0437\u0430\u043f\u0440\u043e\u0441\u0430 \u043d\u0430 \u043f\u0440\u043e\u0434\u0430\u0436\u0443, \u043c\u044b \u043e\u0440\u0433\u0430\u043d\u0438\u0437\u0443\u0435\u043c \u0437\u0435\u043c\u043b\u0435\u043c\u0435\u0440\u043d\u044b\u0435 \u0440\u0430\u0431\u043e\u0442\u044b \u0438 \u0441\u0432\u044f\u0437\u0430\u043d\u043d\u043e\u0435 \u0441\u043e \u0441\u0434\u0435\u043b\u043a\u043e\u0439 \u0434\u0435\u043b\u043e\u043f\u0440\u043e\u0438\u0437\u0432\u043e\u0434\u0441\u0442\u0432\u043e \u0437\u0430 \u0441\u0432\u043e\u0439 \u0441\u0447\u0435\u0442! <\/p>\n\n<h3 class=\"gb-headline gb-headline-b622db9b gb-headline-text\">\u0418\u043f\u043e\u0442\u0435\u043a\u0430 \u043d\u0435 \u043f\u0440\u0435\u043f\u044f\u0442\u0441\u0442\u0432\u0443\u0435\u0442 \u0441\u043e\u0432\u0435\u0440\u0448\u0435\u043d\u0438\u044e \u0441\u0434\u0435\u043b\u043a\u0438 \u043a\u0443\u043f\u043b\u0438-\u043f\u0440\u043e\u0434\u0430\u0436\u0438!<\/h3>\n\n<p>\u041c\u044b \u0437\u0430\u043d\u0438\u043c\u0430\u0435\u043c\u0441\u044f \u043f\u043e\u043a\u0443\u043f\u043a\u043e\u0439 \u0438 \u043f\u0440\u043e\u0434\u0430\u0436\u0435\u0439 \u043b\u0435\u0441\u043d\u044b\u0445 \u0443\u0433\u043e\u0434\u0438\u0439 \u0438 \u0441\u0435\u043b\u044c\u0441\u043a\u043e\u0445\u043e\u0437\u044f\u0439\u0441\u0442\u0432\u0435\u043d\u043d\u044b\u0445 \u0437\u0435\u043c\u0435\u043b\u044c \u0441 1994 \u0433\u043e\u0434\u0430. \u0417\u0430 \u0434\u043e\u043b\u0433\u043e\u0435 \u0432\u0440\u0435\u043c\u044f \u0440\u0430\u0431\u043e\u0442\u044b \u0443 \u043d\u0430\u0441 \u043f\u043e\u044f\u0432\u0438\u043b\u0438\u0441\u044c \u043d\u0430\u0434\u0435\u0436\u043d\u044b\u0435 \u043f\u0430\u0440\u0442\u043d\u0435\u0440\u044b \u043a\u0430\u043a \u0432 \u043b\u0435\u0441\u043d\u043e\u043c, \u0442\u0430\u043a \u0438 \u0432 \u0441\u0435\u043b\u044c\u0441\u043a\u043e\u0445\u043e\u0437\u044f\u0439\u0441\u0442\u0432\u0435\u043d\u043d\u043e\u043c \u0441\u0435\u043a\u0442\u043e\u0440\u0430\u0445. \u041a\u0430\u043a \u043f\u0440\u0435\u0434\u043f\u0440\u0438\u044f\u0442\u0438\u0435, \u0437\u0430\u043d\u0438\u043c\u0430\u044e\u0449\u0435\u0435\u0441\u044f \u043b\u0435\u0441\u043d\u044b\u043c \u0445\u043e\u0437\u044f\u0439\u0441\u0442\u0432\u043e\u043c, \u043c\u044b \u043c\u043e\u0436\u0435\u043c \u043f\u0440\u0435\u0434\u043b\u043e\u0436\u0438\u0442\u044c \u043b\u0443\u0447\u0448\u0443\u044e \u0446\u0435\u043d\u0443, \u0447\u0435\u043c \u043f\u043e\u0441\u0440\u0435\u0434\u043d\u0438\u043a\u0438! <strong>1994. aastast <\/strong>. Pika tegutsemise aja jooksul on meil v\u00e4lja kujunenud tugevad partnerid nii metsanduses kui ka p\u00f5llumajandussektoris. Ise metsa majandamisega tegeleva ettev\u00f5ttena saame pakkuda paremat hinda kui vahendajad!  <\/p>\n\n<p>\u0415\u0441\u043b\u0438 \u0443 \u0412\u0430\u0441 \u0435\u0441\u0442\u044c \u043a\u043e\u043d\u043a\u0440\u0435\u0442\u043d\u043e\u0435 \u0436\u0435\u043b\u0430\u043d\u0438\u0435 \u043f\u043e \u043f\u0440\u043e\u0434\u0430\u0436\u0435, \u0442\u043e <strong>\u0441\u0432\u044f\u0436\u0438\u0442\u0435\u0441\u044c \u0441 \u043d\u0430\u043c\u0438 \u0438 \u0437\u0430\u043f\u0440\u043e\u0441\u0438\u0442\u0435 \u043f\u0440\u0435\u0434\u043b\u043e\u0436\u0435\u043d\u0438\u0435!<\/strong><\/p>\n<\/div><\/div>\n<\/div><p><\/p>","protected":false},"excerpt":{"rendered":"<p>\u041f\u043e\u043a\u0443\u043f\u0430\u0435\u043c \u0437\u0435\u043c\u043b\u044e, \u043e\u0431\u0440\u0435\u043c\u0435\u043d\u0435\u043d\u043d\u0443\u044e \u0438\u043f\u043e\u0442\u0435\u043a\u043e\u0439. \u041f\u043e\u043a\u0443\u043f\u043a\u0430 \u0437\u0435\u043c\u043b\u0438, \u043e\u0431\u0440\u0435\u043c\u0435\u043d\u0435\u043d\u043d\u043e\u0439 \u0438\u043f\u043e\u0442\u0435\u043a\u043e\u0439 \u0425\u043e\u0442\u0438\u0442\u0435 \u043f\u0440\u043e\u0434\u0430\u0442\u044c \u0437\u0435\u043c\u043b\u044e, \u043e\u0431\u0440\u0435\u043c\u0435\u043d\u0435\u043d\u043d\u0443\u044e \u0438\u043f\u043e\u0442\u0435\u043a\u043e\u0439? \u041e\u0431\u044f\u0437\u0430\u0442\u0435\u043b\u044c\u043d\u043e \u0441\u043f\u0440\u043e\u0441\u0438\u0442\u0435 \u043f\u0440\u0435\u0434\u043b\u043e\u0436\u0435\u043d\u0438\u0435 \u0443 \u043d\u0430\u0441! \u041c\u044b \u043f\u043e\u043a\u0443\u043f\u0430\u0435\u043c \u043e\u0431\u0440\u0435\u043c\u0435\u043d\u0435\u043d\u043d\u044b\u0435 \u0438\u043f\u043e\u0442\u0435\u043a\u043e\u0439 \u043e\u0431\u0440\u0430\u0431\u0430\u0442\u044b\u0432\u0430\u0435\u043c\u044b\u0435 \u0437\u0435\u043c\u043b\u0438 \u0438 \u043b\u0435\u0441\u043d\u044b\u0435 \u0443\u0447\u0430\u0441\u0442\u043a\u0438.<\/p>\n","protected":false},"author":1,"featured_media":1641,"parent":0,"menu_order":0,"comment_status":"closed","ping_status":"closed","template":"","meta":{"footnotes":""},"categories":[90],"tags":[],"class_list":{"0":"post-2509","1":"page","2":"type-page","3":"status-publish","4":"has-post-thumbnail","6":"category-90"},"rankMath":{"parentDomain":"est-land.ee","noFollowDomains":[],"noFollowExcludeDomains":[],"noFollowExternalLinks":false,"featuredImageNotice":"\u041f\u043e\u043a\u0430\u0437\u0430\u043d\u043d\u043e\u0435 \u0438\u0437\u043e\u0431\u0440\u0430\u0436\u0435\u043d\u0438\u0435 \u0434\u043e\u043b\u0436\u043d\u043e \u0431\u044b\u0442\u044c \u0440\u0430\u0437\u043c\u0435\u0440\u043e\u043c \u043d\u0435 \u043c\u0435\u043d\u0435\u0435 200 \u043d\u0430 200 \u043f\u0438\u043a\u0441\u0435\u043b\u0435\u0439, \u0447\u0442\u043e\u0431\u044b \u0435\u0433\u043e \u043c\u043e\u0433\u043b\u0438 \u0443\u0432\u0438\u0434\u0435\u0442\u044c Facebook \u0438 \u0434\u0440\u0443\u0433\u0438\u0435 \u0441\u0430\u0439\u0442\u044b \u0441\u043e\u0446\u0438\u0430\u043b\u044c\u043d\u044b\u0445 \u0441\u0435\u0442\u0435\u0439.","pluginReviewed":false,"postSettings":{"linkSuggestions":true,"useFocusKeyword":false},"frontEndScore":false,"postName":"%d0%bc%d1%8b-%d0%bf%d0%be%d0%ba%d1%83%d0%bf%d0%b0%d0%b5%d0%bc-%d0%b7%d0%b5%d0%bc%d0%bb%d1%8e-%d0%be%d0%b1%d1%80%d0%b5%d0%bc%d0%b5%d0%bd%d0%b5%d0%bd%d0%bd%d1%83%d1%8e-%d0%b8%d0%bf%d0%be%d1%82%d0%b5","permalinkFormat":"https:\/\/est-land.ee\/ru\/%pagename%\/","showLockModifiedDate":true,"assessor":{"focusKeywordLink":"https:\/\/est-land.ee\/wp-admin\/edit.php?focus_keyword=%focus_keyword%&post_type=%post_type%","hasTOCPlugin":false,"primaryTaxonomy":false,"serpData":{"title":"","description":"","focusKeywords":"","pillarContent":false,"canonicalUrl":"","breadcrumbTitle":"","advancedRobots":[],"facebookTitle":"","facebookDescription":"","facebookImage":"","facebookImageID":"","facebookHasOverlay":false,"facebookImageOverlay":"","facebookAuthor":"","twitterCardType":"","twitterUseFacebook":true,"twitterTitle":"","twitterDescription":"","twitterImage":"","twitterImageID":"","twitterHasOverlay":false,"twitterImageOverlay":"","twitterPlayerUrl":"","twitterPlayerSize":"","twitterPlayerStream":"","twitterPlayerStreamCtype":"","twitterAppDescription":"","twitterAppIphoneName":"","twitterAppIphoneID":"","twitterAppIphoneUrl":"","twitterAppIpadName":"","twitterAppIpadID":"","twitterAppIpadUrl":"","twitterAppGoogleplayName":"","twitterAppGoogleplayID":"","twitterAppGoogleplayUrl":"","twitterAppCountry":"","robots":{"index":true},"twitterAuthor":"\u0438\u043c\u044f \u043f\u043e\u043b\u044c\u0437\u043e\u0432\u0430\u0442\u0435\u043b\u044f","primaryTerm":0,"authorName":"admin","titleTemplate":"%title% %sep% %sitename%","descriptionTemplate":"%excerpt%","showScoreFrontend":true,"lockModifiedDate":false},"powerWords":[],"diacritics":{"A":"[\\u0410\\u0430]","B":"[\\u0411\\u0431]","V":"[\\u0412\\u0432]","G":"[\\u0413\\u0433]","D":"[\\u0414\\u0434]","YE":"[\\u0415\\u0435]","YO":"[\\u0401\\u0451]","ZH":"[\\u0416\\u0436]","Z":"[\\u0417\\u0437]","EE":"[\\u0418\\u0438]","YI":"[\\u0419\\u0439]","K":"[\\u041A\\u043A]","L":"[\\u041B\\u043B]","M":"[\\u041C\\u043c]","P":"[\\u041F\\u043F]","T":"[\\u0422\\u0442]","U":"[\\u0423\\u0443]","F":"[\\u0424\\u0444]","H":"[\\u0425\\u0445]","TS":"[\\u0426\\u0446]","CH":"[\\u0427\\u0447]","SH":"[\\u0428\\u0448\\u0429\\u0449]","I":"[\\u042B\\u044B]","E":"[\\u042D\\u044D]","YU":"[\\u042E\\u044E]","YA":"[\\u042F\\u044F]","N":"[\\u041D\\u043D]"},"researchesTests":["contentHasTOC","contentHasShortParagraphs","contentHasAssets","keywordInTitle","keywordInMetaDescription","keywordInPermalink","keywordIn10Percent","keywordInContent","keywordInSubheadings","keywordInImageAlt","keywordDensity","keywordNotUsed","lengthContent","lengthPermalink","linksHasInternal","linksHasExternals","linksNotAllExternals","titleStartWithKeyword","titleSentiment","titleHasPowerWords","titleHasNumber","hasContentAI"],"hasRedirection":false,"hasBreadcrumb":false},"homeUrl":"https:\/\/est-land.ee\/ru\/","objectID":2509,"objectType":"post","locale":"ru","localeFull":"ru_RU","overlayImages":{"play":{"name":"Play \u0438\u043a\u043e\u043d\u043a\u0430","url":"https:\/\/est-land.ee\/wp-content\/plugins\/seo-by-rank-math\/assets\/admin\/img\/icon-play.png","path":"\/data01\/virt5809\/domeenid\/www.est-land.ee\/htdocs\/wp-content\/plugins\/seo-by-rank-math\/assets\/admin\/img\/icon-play.png","position":"middle_center"},"gif":{"name":"GIF \u0438\u043a\u043e\u043d\u043a\u0430","url":"https:\/\/est-land.ee\/wp-content\/plugins\/seo-by-rank-math\/assets\/admin\/img\/icon-gif.png","path":"\/data01\/virt5809\/domeenid\/www.est-land.ee\/htdocs\/wp-content\/plugins\/seo-by-rank-math\/assets\/admin\/img\/icon-gif.png","position":"middle_center"}},"defautOgImage":"https:\/\/est-land.ee\/wp-content\/plugins\/seo-by-rank-math\/assets\/admin\/img\/social-placeholder.jpg","customPermalinks":true,"isUserRegistered":false,"autoSuggestKeywords":false,"connectSiteUrl":"https:\/\/rankmath.com\/auth?site=https%3A%2F%2Fest-land.ee%2Fru%2F&r=https%3A%2F%2Fest-land.ee%2Fru%2Fwp-json%2Fwp%2Fv2%2Fpages%2F2509%3Fnonce%3D4931244069","maxTags":5,"trendsIcon":"<svg viewBox=\"0 0 610 610\"><path d=\"M18.85,446,174.32,290.48l58.08,58.08L76.93,504a14.54,14.54,0,0,1-20.55,0L18.83,466.48a14.54,14.54,0,0,1,0-20.55Z\" style=\"fill:#4285f4\"\/><path d=\"M242.65,242.66,377.59,377.6l-47.75,47.75a14.54,14.54,0,0,1-20.55,0L174.37,290.43l47.75-47.75A14.52,14.52,0,0,1,242.65,242.66Z\" style=\"fill:#ea4335\"\/><polygon points=\"319.53 319.53 479.26 159.8 537.34 217.88 377.61 377.62 319.53 319.53\" style=\"fill:#fabb05\"\/><path d=\"M594.26,262.73V118.61h0a16.94,16.94,0,0,0-16.94-16.94H433.2a16.94,16.94,0,0,0-12,28.92L565.34,274.71h0a16.94,16.94,0,0,0,28.92-12Z\" style=\"fill:#34a853\"\/><rect width=\"610\" height=\"610\" style=\"fill:none\"\/><\/svg>","showScore":true,"siteFavIcon":"https:\/\/est-land.ee\/wp-content\/uploads\/2025\/01\/cropped-cropped-Estland_logo-32x32.jpg","canUser":{"general":false,"advanced":false,"snippet":false,"social":false,"analysis":false,"analytics":false,"content_ai":false},"showKeywordIntent":true,"isPro":false,"is_front_page":false,"trendsUpgradeLink":"https:\/\/rankmath.com\/pricing\/?utm_source=Plugin&utm_medium=CE%20General%20Tab%20Trends&utm_campaign=WP","trendsUpgradeLabel":"\u0410\u043f\u0433\u0440\u0435\u0439\u0434","trendsPreviewImage":"https:\/\/est-land.ee\/wp-content\/plugins\/seo-by-rank-math\/assets\/admin\/img\/trends-preview.jpg","currentEditor":false,"homepageData":{"assessor":{"powerWords":[],"diacritics":true,"researchesTests":["contentHasTOC","contentHasShortParagraphs","contentHasAssets","keywordInTitle","keywordInMetaDescription","keywordInPermalink","keywordIn10Percent","keywordInContent","keywordInSubheadings","keywordInImageAlt","keywordDensity","keywordNotUsed","lengthContent","lengthPermalink","linksHasInternal","linksHasExternals","linksNotAllExternals","titleStartWithKeyword","titleSentiment","titleHasPowerWords","titleHasNumber","hasContentAI"],"hasBreadcrumb":false,"serpData":{"title":"%sitename% %page% %sep% %sitedesc%","description":"","titleTemplate":"%sitename% %page% %sep% %sitedesc%","descriptionTemplate":"","focusKeywords":"","breadcrumbTitle":"Home","robots":{"index":true},"advancedRobots":[],"facebookTitle":"","facebookDescription":"","facebookImage":"","facebookImageID":""}}},"tocTitle":"Table of Contents","tocExcludeHeadings":[],"listStyle":"ul"},"_links":{"self":[{"href":"https:\/\/est-land.ee\/ru\/wp-json\/wp\/v2\/pages\/2509","targetHints":{"allow":["GET"]}}],"collection":[{"href":"https:\/\/est-land.ee\/ru\/wp-json\/wp\/v2\/pages"}],"about":[{"href":"https:\/\/est-land.ee\/ru\/wp-json\/wp\/v2\/types\/page"}],"author":[{"embeddable":true,"href":"https:\/\/est-land.ee\/ru\/wp-json\/wp\/v2\/users\/1"}],"replies":[{"embeddable":true,"href":"https:\/\/est-land.ee\/ru\/wp-json\/wp\/v2\/comments?post=2509"}],"version-history":[{"count":4,"href":"https:\/\/est-land.ee\/ru\/wp-json\/wp\/v2\/pages\/2509\/revisions"}],"predecessor-version":[{"id":2990,"href":"https:\/\/est-land.ee\/ru\/wp-json\/wp\/v2\/pages\/2509\/revisions\/2990"}],"wp:featuredmedia":[{"embeddable":true,"href":"https:\/\/est-land.ee\/ru\/wp-json\/wp\/v2\/media\/1641"}],"wp:attachment":[{"href":"https:\/\/est-land.ee\/ru\/wp-json\/wp\/v2\/media?parent=2509"}],"wp:term":[{"taxonomy":"category","embeddable":true,"href":"https:\/\/est-land.ee\/ru\/wp-json\/wp\/v2\/categories?post=2509"},{"taxonomy":"post_tag","embeddable":true,"href":"https:\/\/est-land.ee\/ru\/wp-json\/wp\/v2\/tags?post=2509"}],"curies":[{"name":"wp","href":"https:\/\/api.w.org\/{rel}","templated":true}]}}