{"id":3218,"date":"2025-06-30T13:53:48","date_gmt":"2025-10-28T12:54:10","guid":{"rendered":"https:\/\/est-land.ee\/kinnistu\/%d1%83%d1%87%d0%b0%d1%81%d1%82%d0%be%d0%ba-%d1%81-%d1%85%d0%be%d1%80%d0%be%d1%88%d0%b8%d0%bc-%d0%b4%d0%be%d1%81%d1%82%d1%83%d0%bf%d0%be%d0%bc-%d0%b2-%d0%bf%d1%8f%d1%80%d0%bd%d1%83%d0%bc%d0%b0%d0%b0\/"},"modified":"2026-04-20T16:02:27","modified_gmt":"2026-04-20T13:02:27","slug":"%d1%83%d1%87%d0%b0%d1%81%d1%82%d0%be%d0%ba-%d1%81-%d1%85%d0%be%d1%80%d0%be%d1%88%d0%b8%d0%bc-%d0%b4%d0%be%d1%81%d1%82%d1%83%d0%bf%d0%be%d0%bc-%d0%b2-%d0%bf%d1%8f%d1%80%d0%bd%d1%83%d0%bc%d0%b0%d0%b0","status":"publish","type":"product","link":"https:\/\/est-land.ee\/ru\/kinnistu\/%d1%83%d1%87%d0%b0%d1%81%d1%82%d0%be%d0%ba-%d1%81-%d1%85%d0%be%d1%80%d0%be%d1%88%d0%b8%d0%bc-%d0%b4%d0%be%d1%81%d1%82%d1%83%d0%bf%d0%be%d0%bc-%d0%b2-%d0%bf%d1%8f%d1%80%d0%bd%d1%83%d0%bc%d0%b0%d0%b0\/","title":{"rendered":"\u0423\u0447\u0430\u0441\u0442\u043e\u043a \u0441 \u0432\u043e\u0437\u043c\u043e\u0436\u043d\u043e\u0441\u0442\u044c\u044e \u0441\u0442\u0440\u043e\u0438\u0442\u0435\u043b\u044c\u0441\u0442\u0432\u0430 \u0440\u044f\u0434\u043e\u043c \u0441 \u041f\u044f\u0440\u043d\u0443"},"content":{"rendered":"<p>\u041f\u0440\u043e\u0434\u0430\u0451\u0442\u0441\u044f \u0443\u0447\u0430\u0441\u0442\u043e\u043a \u0441 \u0432\u043e\u0437\u043c\u043e\u0436\u043d\u043e\u0441\u0442\u044c\u044e \u0441\u0442\u0440\u043e\u0438\u0442\u0435\u043b\u044c\u0441\u0442\u0432\u0430 \u0432 \u043c\u0443\u043d\u0438\u0446\u0438\u043f\u0430\u043b\u0438\u0442\u0435\u0442e \u041f\u044f\u0440\u043d\u0443, \u0434\u0435\u0440\u0435\u0432\u043d\u044f \u041c\u0430\u043b\u0434\u0430 (\u0440\u044f\u0434\u043e\u043c \u0441 \u0410\u0443\u0434\u0440\u0443) \u2014 \u043e\u0442\u043b\u0438\u0447\u043d\u043e\u0435 \u0440\u0435\u0448\u0435\u043d\u0438\u0435 \u0434\u043b\u044f \u0442\u0435\u0445, \u043a\u0442\u043e \u0445\u043e\u0447\u0435\u0442 \u043f\u043e\u0441\u0442\u0440\u043e\u0438\u0442\u044c \u0434\u043e\u043c \u0432 \u0442\u0438\u0445\u043e\u043c \u0438 \u0437\u0435\u043b\u0451\u043d\u043e\u043c \u043c\u0435\u0441\u0442\u0435, \u043e\u0441\u0442\u0430\u0432\u0430\u044f\u0441\u044c \u043f\u0440\u0438 \u044d\u0442\u043e\u043c \u043d\u0435\u0434\u0430\u043b\u0435\u043a\u043e \u043e\u0442 \u0433\u043e\u0440\u043e\u0434\u0430.<\/p>\n<p>\u041e\u0431\u0449\u0430\u044f \u043f\u043b\u043e\u0449\u0430\u0434\u044c \u0443\u0447\u0430\u0441\u0442\u043a\u0430 \u0441\u043e\u0441\u0442\u0430\u0432\u043b\u044f\u0435\u0442 4,01 \u0433\u0435\u043a\u0442\u0430\u0440\u0430, \u0438\u0437 \u043a\u043e\u0442\u043e\u0440\u044b\u0445:<br \/>3,27 \u0433\u0430 \u0441\u0435\u043b\u044c\u0441\u043a\u043e\u0445\u043e\u0437\u044f\u0439\u0441\u0442\u0432\u0435\u043d\u043d\u043e\u0439 \u0437\u0435\u043c\u043b\u0438 (\u0437\u0430\u0440\u0435\u0433\u0438\u0441\u0442\u0440\u0438\u0440\u043e\u0432\u0430\u043d\u043e \u0432 PRIA \u2014 \u043f\u043e\u0441\u0435\u0432\u043d\u044b\u0435 \u043a\u0443\u043b\u044c\u0442\u0443\u0440\u044b)<br \/>\n0,65 \u0433\u0430 \u043b\u0435\u0441\u043d\u043e\u0439 \u0437\u0435\u043c\u043b\u0438 (\u043b\u0435\u0441 \u0432\u044b\u0440\u0443\u0431\u043b\u0435\u043d \u0432 \u043d\u0430\u0447\u0430\u043b\u0435 2025 \u0433\u043e\u0434\u0430)<\/p>\n<p>\u0421\u0435\u043b\u044c\u0441\u043a\u043e\u0445\u043e\u0437\u044f\u0439\u0441\u0442\u0432\u0435\u043d\u043d\u0430\u044f \u0437\u0435\u043c\u043b\u044f \u0430\u043a\u0442\u0438\u0432\u043d\u043e \u0438\u0441\u043f\u043e\u043b\u044c\u0437\u0443\u0435\u0442\u0441\u044f, \u0447\u0442\u043e \u043f\u043e\u0437\u0432\u043e\u043b\u044f\u0435\u0442 \u043f\u043e\u0434\u0434\u0435\u0440\u0436\u0438\u0432\u0430\u0442\u044c \u0443\u0447\u0430\u0441\u0442\u043e\u043a \u0432 \u0445\u043e\u0440\u043e\u0448\u0435\u043c \u0441\u043e\u0441\u0442\u043e\u044f\u043d\u0438\u0438 \u0438 \u0441\u043e\u0445\u0440\u0430\u043d\u044f\u0435\u0442 \u0435\u0433\u043e \u0446\u0435\u043d\u043d\u043e\u0441\u0442\u044c.<\/p>\n<p>\u0423\u0447\u0430\u0441\u0442\u043e\u043a \u0433\u0440\u0430\u043d\u0438\u0447\u0438\u0442 \u0441 \u0434\u043e\u0440\u043e\u0433\u043e\u0439 Audru\u2013Lavassaare\u2013Vahenurme \u0438 \u0438\u043c\u0435\u0435\u0442 \u043f\u0440\u044f\u043c\u043e\u0439 \u0441\u044a\u0435\u0437\u0434, \u0447\u0442\u043e \u043e\u0431\u0435\u0441\u043f\u0435\u0447\u0438\u0432\u0430\u0435\u0442 \u0443\u0434\u043e\u0431\u043d\u044b\u0439 \u043a\u0440\u0443\u0433\u043b\u043e\u0433\u043e\u0434\u0438\u0447\u043d\u044b\u0439 \u0434\u043e\u0441\u0442\u0443\u043f.<\/p>\n<p>\u041d\u0430 \u0443\u0447\u0430\u0441\u0442\u043a\u0435 \u043e\u0442\u0441\u0443\u0442\u0441\u0442\u0432\u0443\u044e\u0442 \u043a\u043e\u043c\u043c\u0443\u043d\u0438\u043a\u0430\u0446\u0438\u0438, \u043e\u0434\u043d\u0430\u043a\u043e \u0440\u044f\u0434\u043e\u043c \u0440\u0430\u0441\u043f\u043e\u043b\u043e\u0436\u0435\u043d\u0430 \u043f\u043e\u0434\u0441\u0442\u0430\u043d\u0446\u0438\u044f, \u0438 \u043f\u043e\u0434\u043a\u043b\u044e\u0447\u0435\u043d\u0438\u0435 \u043a \u044d\u043b\u0435\u043a\u0442\u0440\u043e\u0441\u0435\u0442\u0438 \u0432\u043e\u0437\u043c\u043e\u0436\u043d\u043e \u0437\u0430 \u0444\u0438\u043a\u0441\u0438\u0440\u043e\u0432\u0430\u043d\u043d\u0443\u044e \u043f\u043b\u0430\u0442\u0443.<\/p>\n<p>P\u00e4rnu linnavalitsusest saadud info p\u00f5hjal on kinnistule v\u00f5imalik ehitada, mis teeb sellest sobiva valiku elamu rajamiseks.<\/p>\n<p>\u0411\u043b\u0430\u0433\u043e\u0434\u0430\u0440\u044f \u0431\u043e\u043b\u044c\u0448\u043e\u0439 \u043f\u043b\u043e\u0449\u0430\u0434\u0438 \u0443\u0447\u0430\u0441\u0442\u043e\u043a \u0442\u0430\u043a\u0436\u0435 \u043f\u0440\u0435\u0434\u043e\u0441\u0442\u0430\u0432\u043b\u044f\u0435\u0442 \u0432\u043e\u0437\u043c\u043e\u0436\u043d\u043e\u0441\u0442\u0438 \u0434\u043b\u044f \u0432\u0435\u0434\u0435\u043d\u0438\u044f \u0441\u0435\u043b\u044c\u0441\u043a\u043e\u0433\u043e \u0445\u043e\u0437\u044f\u0439\u0441\u0442\u0432\u0430, \u0437\u0430\u043d\u044f\u0442\u0438\u0439 \u0445\u043e\u0431\u0431\u0438 \u0438\u043b\u0438 \u043d\u0435\u0431\u043e\u043b\u044c\u0448\u043e\u0439 \u043f\u0440\u0435\u0434\u043f\u0440\u0438\u043d\u0438\u043c\u0430\u0442\u0435\u043b\u044c\u0441\u043a\u043e\u0439 \u0434\u0435\u044f\u0442\u0435\u043b\u044c\u043d\u043e\u0441\u0442\u0438.<\/p>\n<p>\u041f\u043e\u0437\u0432\u043e\u043d\u0438\u0442\u0435, \u0447\u0442\u043e\u0431\u044b \u043f\u043e\u043b\u0443\u0447\u0438\u0442\u044c \u0434\u043e\u043f\u043e\u043b\u043d\u0438\u0442\u0435\u043b\u044c\u043d\u0443\u044e \u0438\u043d\u0444\u043e\u0440\u043c\u0430\u0446\u0438\u044e, \u0438\u043b\u0438 \u043f\u0440\u0438\u0435\u0437\u0436\u0430\u0439\u0442\u0435 \u043e\u0437\u043d\u0430\u043a\u043e\u043c\u0438\u0442\u044c\u0441\u044f \u0441 \u0443\u0447\u0430\u0441\u0442\u043a\u043e\u043c \u043d\u0430 \u043c\u0435\u0441\u0442\u0435!<\/p>\n<p><iframe loading=\"lazy\" src=\"https:\/\/xgis.maaamet.ee\/xgis2\/page\/link\/beAOXR4s\" width=\"1200\" height=\"500\"><\/iframe><\/p>\n","protected":false},"excerpt":{"rendered":"<p>\u041d\u0430\u0437\u0432\u0430\u043d\u0438\u0435 \u0443\u0447\u0430\u0441\u0442\u043a\u0430: <strong>\u041a\u0410\u0410\u0421\u0418\u041a\u0423<\/strong><\/p>\n","protected":false},"featured_media":3202,"template":"","meta":[],"product_brand":[],"product_cat":[156],"product_tag":[],"class_list":{"0":"post-3218","1":"product","2":"type-product","3":"status-publish","4":"has-post-thumbnail","6":"product_cat-156","7":"sales-flash-overlay","8":"woocommerce-text-align-center","9":"woocommerce-image-align-center","11":"first","12":"instock","13":"shipping-taxable","14":"purchasable","15":"product-type-real-estate"},"_links":{"self":[{"href":"https:\/\/est-land.ee\/ru\/wp-json\/wp\/v2\/product\/3218","targetHints":{"allow":["GET"]}}],"collection":[{"href":"https:\/\/est-land.ee\/ru\/wp-json\/wp\/v2\/product"}],"about":[{"href":"https:\/\/est-land.ee\/ru\/wp-json\/wp\/v2\/types\/product"}],"wp:featuredmedia":[{"embeddable":true,"href":"https:\/\/est-land.ee\/ru\/wp-json\/wp\/v2\/media\/3202"}],"wp:attachment":[{"href":"https:\/\/est-land.ee\/ru\/wp-json\/wp\/v2\/media?parent=3218"}],"wp:term":[{"taxonomy":"product_brand","embeddable":true,"href":"https:\/\/est-land.ee\/ru\/wp-json\/wp\/v2\/product_brand?post=3218"},{"taxonomy":"product_cat","embeddable":true,"href":"https:\/\/est-land.ee\/ru\/wp-json\/wp\/v2\/product_cat?post=3218"},{"taxonomy":"product_tag","embeddable":true,"href":"https:\/\/est-land.ee\/ru\/wp-json\/wp\/v2\/product_tag?post=3218"}],"curies":[{"name":"wp","href":"https:\/\/api.w.org\/{rel}","templated":true}]}}